{"id":8408,"date":"2025-06-29T10:25:04","date_gmt":"2025-06-29T08:25:04","guid":{"rendered":"https:\/\/uj.adatbank.ro\/lexikon\/termek\/fulop-sandor\/"},"modified":"2025-06-29T10:25:04","modified_gmt":"2025-06-29T08:25:04","slug":"fulop-sandor","status":"publish","type":"product","link":"https:\/\/uj.adatbank.ro\/lexikon\/termek\/fulop-sandor\/","title":{"rendered":"F\u00dcL\u00d6P S\u00e1ndor"},"content":{"rendered":"<p>Mv., 1908., \u2020\u00a0? : b\u00e1dogosmester. \u2013 Iskol\u00e1i elv\u00e9gz\u00e9se ut\u00e1n a b\u00e1dogos- \u00e9s szerel\u0151ipart saj\u00e1t\u00edtotta el, a seg\u00e9d\u00e9vek let\u00f6lt\u00e9se ut\u00e1n \u00f6n\u00e1ll\u00f3 mester lett Mv.-en (1932). A M. Iparos Egyes\u00fclet tagja, a Mv.-i \u00c9p\u00edt\u0151iparos Egyes\u00fclet gazd\u00e1ja, az IKE alap\u00edt\u00f3 tagja volt. Tekint\u00e9lyes iparos volt neve ismert volt a v\u00e1rosban \u00e9s k\u00f6rny\u00e9k\u00e9n. <br \/><strong>Irod.:<\/strong> Sz\u00e9kelyf\u00f6ld \u00ed. k<\/br><\/p>\n","protected":false},"excerpt":{"rendered":"<p>Mv., 1908., \u2020\u00a0? : b\u00e1dogosmester. \u2013 Iskol\u00e1i elv\u00e9gz\u00e9se ut\u00e1n a b\u00e1dogos- \u00e9s szerel\u0151ipart saj\u00e1t\u00edtotta el, a seg\u00e9d\u00e9vek let\u00f6lt\u00e9se ut\u00e1n \u00f6n\u00e1ll\u00f3 mester lett Mv.-en (1932). A M. Iparos Egyes\u00fclet tagja, a Mv.-i \u00c9p\u00edt\u0151iparos Egyes\u00fclet gazd\u00e1ja, az IKE alap\u00edt\u00f3 tagja volt. Tekint\u00e9lyes iparos volt neve ismert volt a v\u00e1rosban \u00e9s k\u00f6rny\u00e9k\u00e9n. Irod.: Sz\u00e9kelyf\u00f6ld \u00ed. k<\/p>\n","protected":false},"featured_media":0,"comment_status":"open","ping_status":"closed","template":"","meta":[],"product_brand":[],"product_cat":[137],"product_tag":[],"class_list":{"0":"post-8408","1":"product","2":"type-product","3":"status-publish","5":"product_cat-maros-megyei-eletrajzi-lexikon","7":"first","8":"instock","9":"shipping-taxable","10":"product-type-simple"},"_links":{"self":[{"href":"https:\/\/uj.adatbank.ro\/lexikon\/wp-json\/wp\/v2\/product\/8408","targetHints":{"allow":["GET"]}}],"collection":[{"href":"https:\/\/uj.adatbank.ro\/lexikon\/wp-json\/wp\/v2\/product"}],"about":[{"href":"https:\/\/uj.adatbank.ro\/lexikon\/wp-json\/wp\/v2\/types\/product"}],"replies":[{"embeddable":true,"href":"https:\/\/uj.adatbank.ro\/lexikon\/wp-json\/wp\/v2\/comments?post=8408"}],"wp:attachment":[{"href":"https:\/\/uj.adatbank.ro\/lexikon\/wp-json\/wp\/v2\/media?parent=8408"}],"wp:term":[{"taxonomy":"product_brand","embeddable":true,"href":"https:\/\/uj.adatbank.ro\/lexikon\/wp-json\/wp\/v2\/product_brand?post=8408"},{"taxonomy":"product_cat","embeddable":true,"href":"https:\/\/uj.adatbank.ro\/lexikon\/wp-json\/wp\/v2\/product_cat?post=8408"},{"taxonomy":"product_tag","embeddable":true,"href":"https:\/\/uj.adatbank.ro\/lexikon\/wp-json\/wp\/v2\/product_tag?post=8408"}],"curies":[{"name":"wp","href":"https:\/\/api.w.org\/{rel}","templated":true}]}}