{"id":8410,"date":"2025-06-29T10:25:07","date_gmt":"2025-06-29T08:25:07","guid":{"rendered":"https:\/\/uj.adatbank.ro\/lexikon\/termek\/fulop-sandor-3\/"},"modified":"2025-06-29T10:25:07","modified_gmt":"2025-06-29T08:25:07","slug":"fulop-sandor-3","status":"publish","type":"product","link":"https:\/\/uj.adatbank.ro\/lexikon\/termek\/fulop-sandor-3\/","title":{"rendered":"F\u00dcL\u00d6P S\u00e1ndor"},"content":{"rendered":"<p>Szov\u00e1ta, 1938. marc. 15., \u2020\u00a0Szov\u00e1ta, 1989. m\u00e1j. 9.: g\u00e9pkocsivezet\u0151. \u2013 Letart\u00f3ztatt\u00e1k (1956. okt. 29.) \u00e9s a n\u00e9pi demokratikus rendszer elleni tev\u00e9kenys\u00e9g \u00e9s fegyvertart\u00e1s v\u00e1dj\u00e1val \u00e1ll\u00edtott\u00e1k b\u00edr\u00f3s\u00e1g el\u00e9. Szamos\u00fajv\u00e1ron, majd a peripravai (Duna-delta) k\u00e9nyszermunkat\u00e1borban raboskodott szabadul\u00e1s\u00e1ig (1962. m\u00e1j.). <br \/><strong>Irod.:<\/strong> 1956 Erd\u00e9lyben; Id\u0151t\u00e1r 4.<\/br><\/p>\n","protected":false},"excerpt":{"rendered":"<p>Szov\u00e1ta, 1938. marc. 15., \u2020\u00a0Szov\u00e1ta, 1989. m\u00e1j. 9.: g\u00e9pkocsivezet\u0151. \u2013 Letart\u00f3ztatt\u00e1k (1956. okt. 29.) \u00e9s a n\u00e9pi demokratikus rendszer elleni tev\u00e9kenys\u00e9g \u00e9s fegyvertart\u00e1s v\u00e1dj\u00e1val \u00e1ll\u00edtott\u00e1k b\u00edr\u00f3s\u00e1g el\u00e9. Szamos\u00fajv\u00e1ron, majd a peripravai (Duna-delta) k\u00e9nyszermunkat\u00e1borban raboskodott szabadul\u00e1s\u00e1ig (1962. m\u00e1j.). Irod.: 1956 Erd\u00e9lyben; Id\u0151t\u00e1r 4.<\/p>\n","protected":false},"featured_media":0,"comment_status":"open","ping_status":"closed","template":"","meta":[],"product_brand":[],"product_cat":[137],"product_tag":[],"class_list":{"0":"post-8410","1":"product","2":"type-product","3":"status-publish","5":"product_cat-maros-megyei-eletrajzi-lexikon","7":"first","8":"instock","9":"shipping-taxable","10":"product-type-simple"},"_links":{"self":[{"href":"https:\/\/uj.adatbank.ro\/lexikon\/wp-json\/wp\/v2\/product\/8410","targetHints":{"allow":["GET"]}}],"collection":[{"href":"https:\/\/uj.adatbank.ro\/lexikon\/wp-json\/wp\/v2\/product"}],"about":[{"href":"https:\/\/uj.adatbank.ro\/lexikon\/wp-json\/wp\/v2\/types\/product"}],"replies":[{"embeddable":true,"href":"https:\/\/uj.adatbank.ro\/lexikon\/wp-json\/wp\/v2\/comments?post=8410"}],"wp:attachment":[{"href":"https:\/\/uj.adatbank.ro\/lexikon\/wp-json\/wp\/v2\/media?parent=8410"}],"wp:term":[{"taxonomy":"product_brand","embeddable":true,"href":"https:\/\/uj.adatbank.ro\/lexikon\/wp-json\/wp\/v2\/product_brand?post=8410"},{"taxonomy":"product_cat","embeddable":true,"href":"https:\/\/uj.adatbank.ro\/lexikon\/wp-json\/wp\/v2\/product_cat?post=8410"},{"taxonomy":"product_tag","embeddable":true,"href":"https:\/\/uj.adatbank.ro\/lexikon\/wp-json\/wp\/v2\/product_tag?post=8410"}],"curies":[{"name":"wp","href":"https:\/\/api.w.org\/{rel}","templated":true}]}}