{"id":8415,"date":"2025-06-29T10:25:18","date_gmt":"2025-06-29T08:25:18","guid":{"rendered":"https:\/\/uj.adatbank.ro\/lexikon\/termek\/fuma-geza\/"},"modified":"2025-06-29T10:25:18","modified_gmt":"2025-06-29T08:25:18","slug":"fuma-geza","status":"publish","type":"product","link":"https:\/\/uj.adatbank.ro\/lexikon\/termek\/fuma-geza\/","title":{"rendered":"FUMA G\u00e9za"},"content":{"rendered":"<p>G\u00f6rg\u00e9ny\u00fcvegcs\u0171r, 1878., \u2020\u00a0? : gazd\u00e1lkod\u00f3. \u2013 Iskol\u00e1i elv\u00e9gz\u00e9se ut\u00e1n gazd\u00e1lkodni tanult, \u00f6n\u00e1ll\u00f3 (1907\u2013) sz\u00fcl\u0151faluj\u00e1ban. Tekint\u00e9lyes polg\u00e1ra a k\u00f6zs\u00e9gnek, 6 \u00e9vig volt a ref. egyh\u00e1z f\u0151gondnoka \u00e9s presbitere. Az els\u0151 vh.-ban a 62. gy. ezredben az orosz, rom\u00e1n \u00e9s olasz, alb\u00e1n, montenegr\u00f3i fronton harcolt, \u0151rmesteri rangban szerelt le, kit\u00fcntett\u00e9k a II. o. vit. \u00e9rem, bronz vit. \u00e9rem \u00e9s dics\u00e9r\u0151 okirattal. <br \/><strong>Irod.:<\/strong> Sz\u00e9kelyf\u00f6ld \u00ed. k<\/br><\/p>\n","protected":false},"excerpt":{"rendered":"<p>G\u00f6rg\u00e9ny\u00fcvegcs\u0171r, 1878., \u2020\u00a0? : gazd\u00e1lkod\u00f3. \u2013 Iskol\u00e1i elv\u00e9gz\u00e9se ut\u00e1n gazd\u00e1lkodni tanult, \u00f6n\u00e1ll\u00f3 (1907\u2013) sz\u00fcl\u0151faluj\u00e1ban. Tekint\u00e9lyes polg\u00e1ra a k\u00f6zs\u00e9gnek, 6 \u00e9vig volt a ref. egyh\u00e1z f\u0151gondnoka \u00e9s presbitere. Az els\u0151 vh.-ban a 62. gy. ezredben az orosz, rom\u00e1n \u00e9s olasz, alb\u00e1n, montenegr\u00f3i fronton harcolt, \u0151rmesteri rangban szerelt le, kit\u00fcntett\u00e9k a II. o. vit. \u00e9rem, bronz vit. [&hellip;]<\/p>\n","protected":false},"featured_media":0,"comment_status":"open","ping_status":"closed","template":"","meta":[],"product_brand":[],"product_cat":[137],"product_tag":[],"class_list":{"0":"post-8415","1":"product","2":"type-product","3":"status-publish","5":"product_cat-maros-megyei-eletrajzi-lexikon","7":"first","8":"instock","9":"shipping-taxable","10":"product-type-simple"},"_links":{"self":[{"href":"https:\/\/uj.adatbank.ro\/lexikon\/wp-json\/wp\/v2\/product\/8415","targetHints":{"allow":["GET"]}}],"collection":[{"href":"https:\/\/uj.adatbank.ro\/lexikon\/wp-json\/wp\/v2\/product"}],"about":[{"href":"https:\/\/uj.adatbank.ro\/lexikon\/wp-json\/wp\/v2\/types\/product"}],"replies":[{"embeddable":true,"href":"https:\/\/uj.adatbank.ro\/lexikon\/wp-json\/wp\/v2\/comments?post=8415"}],"wp:attachment":[{"href":"https:\/\/uj.adatbank.ro\/lexikon\/wp-json\/wp\/v2\/media?parent=8415"}],"wp:term":[{"taxonomy":"product_brand","embeddable":true,"href":"https:\/\/uj.adatbank.ro\/lexikon\/wp-json\/wp\/v2\/product_brand?post=8415"},{"taxonomy":"product_cat","embeddable":true,"href":"https:\/\/uj.adatbank.ro\/lexikon\/wp-json\/wp\/v2\/product_cat?post=8415"},{"taxonomy":"product_tag","embeddable":true,"href":"https:\/\/uj.adatbank.ro\/lexikon\/wp-json\/wp\/v2\/product_tag?post=8415"}],"curies":[{"name":"wp","href":"https:\/\/api.w.org\/{rel}","templated":true}]}}