{"id":8418,"date":"2025-06-29T10:25:23","date_gmt":"2025-06-29T08:25:23","guid":{"rendered":"https:\/\/uj.adatbank.ro\/lexikon\/termek\/furdui-mircea\/"},"modified":"2025-07-16T14:10:54","modified_gmt":"2025-07-16T12:10:54","slug":"furdui-mircea","status":"publish","type":"product","link":"https:\/\/uj.adatbank.ro\/lexikon\/termek\/furdui-mircea\/","title":{"rendered":"FURDUI Mircea"},"content":{"rendered":"<p>Aranyosszohodol, 1925. j\u00fan. 4. \u2020 ?: tan\u00e1r. \u2013 Elemi iskol\u00e1t Palotailv\u00e1n \u00e9s Mv.-en v\u00e9gzett, majd a Papiu Ilarian Lic.-ban tanult. A csal\u00e1d elmenek\u00fclt Tord\u00e1ra, ahol a kereskedelmi iskol\u00e1ban folytatta tanulm\u00e1nyait (1940. szept. \u2013), majd \u00e9retts\u00e9gizett. A II. vh. ut\u00e1n Brass\u00f3ban a Kereskedelmi Akad. -\u00e1n szerzett okl. -t (1948). Mv. -re a Kereskedelmi L\u00edc. -ba helyezt\u00e9k tan\u00e1rnak (1948\u201355), taner\u0151l\u00e9tsz\u00e1m \u2013 cs\u00f6kkent\u00e9s miatt \u00e1thelyezt\u00e9k Mv. -re a Mez\u0151gazdas\u00e1gi Bankba, az O. N. T-hez (Turisztikai Hivatal). \u00d3raad\u00f3 tan\u00e1rk\u00e9nt tan\u00edtott a Mez\u0151gazd.-i L\u00edc.-ban \u00e9s a Kereskedelmi Iskolak\u00f6zpontban. Kinevezt\u00e9k az akkor l\u00e9tes\u00edtett Gazd.-i L\u00edc. igazgat\u00f3j\u00e1v\u00e1 (1966\u201386). A Gazd.-i L\u00edc \u00e9s a Kereskedelmi Iskolak\u00f6zpont egyes\u00edt\u00e9se ut\u00e1n az \u00faj iskola aligazgat\u00f3ja (1972\u201376), majd f\u0151igazgat\u00f3ja lett (1976\u201386). Folytatta el\u0151dje, Che\u0163an Aurel, munk\u00e1j\u00e1t: megszil\u00e1rd\u00edtotta az iskola anyagi b\u00e1zis\u00e1t, szaktantermekkel, audi\u00f3 \u2013 vizu\u00e1lis eszk\u00f6z\u00f6kkel, sz\u00e1m\u00edt\u00f3g\u00e9pekkel, p\u00e9nzt\u00e1rg\u00e9pekkel stb. szerelte fel a tantermeket. A tanul\u00f3k tant\u00e1rgyversenyeken sz\u00e1mos kit\u00fcntet\u00e9st \u00e9rtek el.<br \/>\n<strong>Irod.:<\/strong> \u00cenv. comercial econ.<\/p>\n","protected":false},"excerpt":{"rendered":"<p>Aranyosszohodol, 1925. j\u00fan. 4. \u2020 ?: tan\u00e1r. \u2013 Elemi iskol\u00e1t Palotailv\u00e1n \u00e9s Mv.-en v\u00e9gzett, majd a Papiu Ilarian Lic.-ban tanult. A csal\u00e1d elmenek\u00fclt Tord\u00e1ra, ahol a kereskedelmi iskol\u00e1ban folytatta tanulm\u00e1nyait (1940. szept. \u2013), majd \u00e9retts\u00e9gizett. A II. vh. ut\u00e1n Brass\u00f3ban a Kereskedelmi Akad. -\u00e1n szerzett okl. -t (1948). Mv. -re a Kereskedelmi L\u00edc. -ba helyezt\u00e9k [&hellip;]<\/p>\n","protected":false},"featured_media":0,"comment_status":"open","ping_status":"closed","template":"","meta":[],"product_brand":[],"product_cat":[137],"product_tag":[],"class_list":{"0":"post-8418","1":"product","2":"type-product","3":"status-publish","5":"product_cat-maros-megyei-eletrajzi-lexikon","7":"first","8":"instock","9":"shipping-taxable","10":"product-type-simple"},"_links":{"self":[{"href":"https:\/\/uj.adatbank.ro\/lexikon\/wp-json\/wp\/v2\/product\/8418","targetHints":{"allow":["GET"]}}],"collection":[{"href":"https:\/\/uj.adatbank.ro\/lexikon\/wp-json\/wp\/v2\/product"}],"about":[{"href":"https:\/\/uj.adatbank.ro\/lexikon\/wp-json\/wp\/v2\/types\/product"}],"replies":[{"embeddable":true,"href":"https:\/\/uj.adatbank.ro\/lexikon\/wp-json\/wp\/v2\/comments?post=8418"}],"wp:attachment":[{"href":"https:\/\/uj.adatbank.ro\/lexikon\/wp-json\/wp\/v2\/media?parent=8418"}],"wp:term":[{"taxonomy":"product_brand","embeddable":true,"href":"https:\/\/uj.adatbank.ro\/lexikon\/wp-json\/wp\/v2\/product_brand?post=8418"},{"taxonomy":"product_cat","embeddable":true,"href":"https:\/\/uj.adatbank.ro\/lexikon\/wp-json\/wp\/v2\/product_cat?post=8418"},{"taxonomy":"product_tag","embeddable":true,"href":"https:\/\/uj.adatbank.ro\/lexikon\/wp-json\/wp\/v2\/product_tag?post=8418"}],"curies":[{"name":"wp","href":"https:\/\/api.w.org\/{rel}","templated":true}]}}