{"id":8419,"date":"2025-06-29T10:25:25","date_gmt":"2025-06-29T08:25:25","guid":{"rendered":"https:\/\/uj.adatbank.ro\/lexikon\/termek\/furst-lajos\/"},"modified":"2025-06-29T10:25:25","modified_gmt":"2025-06-29T08:25:25","slug":"furst-lajos","status":"publish","type":"product","link":"https:\/\/uj.adatbank.ro\/lexikon\/termek\/furst-lajos\/","title":{"rendered":"F\u00dcRST Lajos"},"content":{"rendered":"<p>? \u2020\u00a0? : keresked\u0151. \u2013 A F\u00fcrst Lajos \u00e9s Fia c\u00e9g alap\u00edt\u00f3ja Mv.-en. A c\u00e9get egyed\u00fcl alap\u00edtotta (1894), k\u00e9s\u0151bb fi\u00e1val, Lajossal (1907-\u00a0?) k\u00f6z\u00f6sen vezette. \u00dczlete a v\u00e1ros egyik legr\u00e9gibb szak\u00fczlete, n\u00e9gy alkalmazottat foglalkoztatott. A Kaszin\u00f3 tagja, minden kultur\u00e1lis \u00e9s hazafias \u00fcgy t\u00e1mogat\u00f3ja volt. <br \/><strong>Irod.:<\/strong> Sz\u00e9kelyf\u00f6ld \u00ed. k.<\/br><\/p>\n","protected":false},"excerpt":{"rendered":"<p>? \u2020\u00a0? : keresked\u0151. \u2013 A F\u00fcrst Lajos \u00e9s Fia c\u00e9g alap\u00edt\u00f3ja Mv.-en. A c\u00e9get egyed\u00fcl alap\u00edtotta (1894), k\u00e9s\u0151bb fi\u00e1val, Lajossal (1907-\u00a0?) k\u00f6z\u00f6sen vezette. \u00dczlete a v\u00e1ros egyik legr\u00e9gibb szak\u00fczlete, n\u00e9gy alkalmazottat foglalkoztatott. A Kaszin\u00f3 tagja, minden kultur\u00e1lis \u00e9s hazafias \u00fcgy t\u00e1mogat\u00f3ja volt. Irod.: Sz\u00e9kelyf\u00f6ld \u00ed. k.<\/p>\n","protected":false},"featured_media":0,"comment_status":"open","ping_status":"closed","template":"","meta":[],"product_brand":[],"product_cat":[137],"product_tag":[],"class_list":{"0":"post-8419","1":"product","2":"type-product","3":"status-publish","5":"product_cat-maros-megyei-eletrajzi-lexikon","7":"first","8":"instock","9":"shipping-taxable","10":"product-type-simple"},"_links":{"self":[{"href":"https:\/\/uj.adatbank.ro\/lexikon\/wp-json\/wp\/v2\/product\/8419","targetHints":{"allow":["GET"]}}],"collection":[{"href":"https:\/\/uj.adatbank.ro\/lexikon\/wp-json\/wp\/v2\/product"}],"about":[{"href":"https:\/\/uj.adatbank.ro\/lexikon\/wp-json\/wp\/v2\/types\/product"}],"replies":[{"embeddable":true,"href":"https:\/\/uj.adatbank.ro\/lexikon\/wp-json\/wp\/v2\/comments?post=8419"}],"wp:attachment":[{"href":"https:\/\/uj.adatbank.ro\/lexikon\/wp-json\/wp\/v2\/media?parent=8419"}],"wp:term":[{"taxonomy":"product_brand","embeddable":true,"href":"https:\/\/uj.adatbank.ro\/lexikon\/wp-json\/wp\/v2\/product_brand?post=8419"},{"taxonomy":"product_cat","embeddable":true,"href":"https:\/\/uj.adatbank.ro\/lexikon\/wp-json\/wp\/v2\/product_cat?post=8419"},{"taxonomy":"product_tag","embeddable":true,"href":"https:\/\/uj.adatbank.ro\/lexikon\/wp-json\/wp\/v2\/product_tag?post=8419"}],"curies":[{"name":"wp","href":"https:\/\/api.w.org\/{rel}","templated":true}]}}