{"id":8421,"date":"2025-06-29T10:25:28","date_gmt":"2025-06-29T08:25:28","guid":{"rendered":"https:\/\/uj.adatbank.ro\/lexikon\/termek\/furst-salamon\/"},"modified":"2025-06-29T10:25:28","modified_gmt":"2025-06-29T08:25:28","slug":"furst-salamon","status":"publish","type":"product","link":"https:\/\/uj.adatbank.ro\/lexikon\/termek\/furst-salamon\/","title":{"rendered":"F\u00dcRST Salamon"},"content":{"rendered":"<p>Mv., ? \u2020\u00a0? : orvos. \u2013 A bp.-i egyetemen szerezte orvosi diplom\u00e1j\u00e1t (1894\/95). Mv.-en m\u0171k\u00f6d\u00f6tt. <br \/><strong>Irod.:<\/strong> H\u00f6gyes<\/br><\/p>\n","protected":false},"excerpt":{"rendered":"<p>Mv., ? \u2020\u00a0? : orvos. \u2013 A bp.-i egyetemen szerezte orvosi diplom\u00e1j\u00e1t (1894\/95). Mv.-en m\u0171k\u00f6d\u00f6tt. Irod.: H\u00f6gyes<\/p>\n","protected":false},"featured_media":0,"comment_status":"open","ping_status":"closed","template":"","meta":[],"product_brand":[],"product_cat":[137],"product_tag":[],"class_list":{"0":"post-8421","1":"product","2":"type-product","3":"status-publish","5":"product_cat-maros-megyei-eletrajzi-lexikon","7":"first","8":"instock","9":"shipping-taxable","10":"product-type-simple"},"_links":{"self":[{"href":"https:\/\/uj.adatbank.ro\/lexikon\/wp-json\/wp\/v2\/product\/8421","targetHints":{"allow":["GET"]}}],"collection":[{"href":"https:\/\/uj.adatbank.ro\/lexikon\/wp-json\/wp\/v2\/product"}],"about":[{"href":"https:\/\/uj.adatbank.ro\/lexikon\/wp-json\/wp\/v2\/types\/product"}],"replies":[{"embeddable":true,"href":"https:\/\/uj.adatbank.ro\/lexikon\/wp-json\/wp\/v2\/comments?post=8421"}],"wp:attachment":[{"href":"https:\/\/uj.adatbank.ro\/lexikon\/wp-json\/wp\/v2\/media?parent=8421"}],"wp:term":[{"taxonomy":"product_brand","embeddable":true,"href":"https:\/\/uj.adatbank.ro\/lexikon\/wp-json\/wp\/v2\/product_brand?post=8421"},{"taxonomy":"product_cat","embeddable":true,"href":"https:\/\/uj.adatbank.ro\/lexikon\/wp-json\/wp\/v2\/product_cat?post=8421"},{"taxonomy":"product_tag","embeddable":true,"href":"https:\/\/uj.adatbank.ro\/lexikon\/wp-json\/wp\/v2\/product_tag?post=8421"}],"curies":[{"name":"wp","href":"https:\/\/api.w.org\/{rel}","templated":true}]}}