{"id":8422,"date":"2025-06-29T10:25:29","date_gmt":"2025-06-29T08:25:29","guid":{"rendered":"https:\/\/uj.adatbank.ro\/lexikon\/termek\/furst-zsigmond\/"},"modified":"2025-06-29T10:25:29","modified_gmt":"2025-06-29T08:25:29","slug":"furst-zsigmond","status":"publish","type":"product","link":"https:\/\/uj.adatbank.ro\/lexikon\/termek\/furst-zsigmond\/","title":{"rendered":"F\u00dcRST Zsigmond"},"content":{"rendered":"<p>Mv., 1860 k., \u2020 1930\u00a0ut\u00e1n: rabbi, \u00edr\u00f3. \u2013 Apja mv.-i f\u0151rabbi volt, t\u0151le szerezte els\u0151 talmudi ismereteit. \u2013 Pozsonyban a jesivan tanult. Rabbi Nagyszombaton, ahol 13 \u00e9vig m\u0171k\u00f6d\u00f6tt, Eperjesen (1896\u201397); innen a b\u00e9csi Schiffschul rabi-sz\u00e9kbe ker\u00fclt. Jelent\u00e9keny irodalmi munk\u00e1ss\u00e1got fejtett ki. A genfi n\u00e9psz\u00f6vets\u00e9g-ben a szombat szabad megtart\u00e1s\u00e1nak \u00fcgy\u00e9ben ind\u00edtott mozgalomban a vil\u00e1g ortodox zsid\u00f3s\u00e1g\u00e1nak egyik k\u00fcld\u00f6ttje volt. <br \/><strong>Irod.:<\/strong> Guly\u00e1s; Nagy Csaba; \u00dajv\u00e1ri<\/br><\/p>\n","protected":false},"excerpt":{"rendered":"<p>Mv., 1860 k., \u2020 1930\u00a0ut\u00e1n: rabbi, \u00edr\u00f3. \u2013 Apja mv.-i f\u0151rabbi volt, t\u0151le szerezte els\u0151 talmudi ismereteit. \u2013 Pozsonyban a jesivan tanult. Rabbi Nagyszombaton, ahol 13 \u00e9vig m\u0171k\u00f6d\u00f6tt, Eperjesen (1896\u201397); innen a b\u00e9csi Schiffschul rabi-sz\u00e9kbe ker\u00fclt. Jelent\u00e9keny irodalmi munk\u00e1ss\u00e1got fejtett ki. A genfi n\u00e9psz\u00f6vets\u00e9g-ben a szombat szabad megtart\u00e1s\u00e1nak \u00fcgy\u00e9ben ind\u00edtott mozgalomban a vil\u00e1g ortodox zsid\u00f3s\u00e1g\u00e1nak [&hellip;]<\/p>\n","protected":false},"featured_media":0,"comment_status":"open","ping_status":"closed","template":"","meta":[],"product_brand":[],"product_cat":[137],"product_tag":[],"class_list":{"0":"post-8422","1":"product","2":"type-product","3":"status-publish","5":"product_cat-maros-megyei-eletrajzi-lexikon","7":"first","8":"instock","9":"shipping-taxable","10":"product-type-simple"},"_links":{"self":[{"href":"https:\/\/uj.adatbank.ro\/lexikon\/wp-json\/wp\/v2\/product\/8422","targetHints":{"allow":["GET"]}}],"collection":[{"href":"https:\/\/uj.adatbank.ro\/lexikon\/wp-json\/wp\/v2\/product"}],"about":[{"href":"https:\/\/uj.adatbank.ro\/lexikon\/wp-json\/wp\/v2\/types\/product"}],"replies":[{"embeddable":true,"href":"https:\/\/uj.adatbank.ro\/lexikon\/wp-json\/wp\/v2\/comments?post=8422"}],"wp:attachment":[{"href":"https:\/\/uj.adatbank.ro\/lexikon\/wp-json\/wp\/v2\/media?parent=8422"}],"wp:term":[{"taxonomy":"product_brand","embeddable":true,"href":"https:\/\/uj.adatbank.ro\/lexikon\/wp-json\/wp\/v2\/product_brand?post=8422"},{"taxonomy":"product_cat","embeddable":true,"href":"https:\/\/uj.adatbank.ro\/lexikon\/wp-json\/wp\/v2\/product_cat?post=8422"},{"taxonomy":"product_tag","embeddable":true,"href":"https:\/\/uj.adatbank.ro\/lexikon\/wp-json\/wp\/v2\/product_tag?post=8422"}],"curies":[{"name":"wp","href":"https:\/\/api.w.org\/{rel}","templated":true}]}}