{"id":8423,"date":"2025-06-29T10:25:30","date_gmt":"2025-06-29T08:25:30","guid":{"rendered":"https:\/\/uj.adatbank.ro\/lexikon\/termek\/furszt-jesajahu-%c2%a7-jesejehu-furszt\/"},"modified":"2025-06-29T10:25:30","modified_gmt":"2025-06-29T08:25:30","slug":"furszt-jesajahu-%c2%a7-jesejehu-furszt","status":"publish","type":"product","link":"https:\/\/uj.adatbank.ro\/lexikon\/termek\/furszt-jesajahu-%c2%a7-jesejehu-furszt\/","title":{"rendered":"F\u00dcRSZT Jes\u00e1j\u00e1hu, \u00a7 Jes\u00e9j\u00e9hu F\u00fcrszt"},"content":{"rendered":"<p>Mv., 1857., \u2020\u00a0London, 1944.: rabbi. \u2013 Apja: F. M\u00f3zes. Feles\u00e9ge Salom Kutnai rabbi le\u00e1nya. \u2013 Mindent apj\u00e1t\u00f3l tanult, mellette tan\u00edtott, r\u00e9szt vett utaz\u00e1saiban. Tov\u00e1bb tanult, elm\u00e9ly\u00fclt a T\u00f3r\u00e1ban a Katav Szofer udvar\u00e1ban. Rabbija volt Torna, majd Eperjes v\u00e1ros\u00e1nak, megh\u00edvt\u00e1k a b\u00e9csi Schifschul hitk\u00f6zs\u00e9g rabbisz\u00e9k\u00e9be. K\u00f6nnyvalakban megjelentette apja irodalmi hagyat\u00e9k\u00e1t a Mare Moshe-t (1932), amely fontos m\u0171 az erd\u00e9lyi zsid\u00f3s\u00e1g, a 19. sz.-i vall\u00e1si \u00e9let t\u00f6rt\u00e9net\u00e9nek felt\u00e1r\u00e1s\u00e1ban. <br \/><strong>Irod.:<\/strong> Mv. zsid\u00f3s\u00e1ga<\/br><\/p>\n","protected":false},"excerpt":{"rendered":"<p>Mv., 1857., \u2020\u00a0London, 1944.: rabbi. \u2013 Apja: F. M\u00f3zes. Feles\u00e9ge Salom Kutnai rabbi le\u00e1nya. \u2013 Mindent apj\u00e1t\u00f3l tanult, mellette tan\u00edtott, r\u00e9szt vett utaz\u00e1saiban. Tov\u00e1bb tanult, elm\u00e9ly\u00fclt a T\u00f3r\u00e1ban a Katav Szofer udvar\u00e1ban. Rabbija volt Torna, majd Eperjes v\u00e1ros\u00e1nak, megh\u00edvt\u00e1k a b\u00e9csi Schifschul hitk\u00f6zs\u00e9g rabbisz\u00e9k\u00e9be. K\u00f6nnyvalakban megjelentette apja irodalmi hagyat\u00e9k\u00e1t a Mare Moshe-t (1932), amely fontos [&hellip;]<\/p>\n","protected":false},"featured_media":0,"comment_status":"open","ping_status":"closed","template":"","meta":[],"product_brand":[],"product_cat":[137],"product_tag":[],"class_list":{"0":"post-8423","1":"product","2":"type-product","3":"status-publish","5":"product_cat-maros-megyei-eletrajzi-lexikon","7":"first","8":"instock","9":"shipping-taxable","10":"product-type-simple"},"_links":{"self":[{"href":"https:\/\/uj.adatbank.ro\/lexikon\/wp-json\/wp\/v2\/product\/8423","targetHints":{"allow":["GET"]}}],"collection":[{"href":"https:\/\/uj.adatbank.ro\/lexikon\/wp-json\/wp\/v2\/product"}],"about":[{"href":"https:\/\/uj.adatbank.ro\/lexikon\/wp-json\/wp\/v2\/types\/product"}],"replies":[{"embeddable":true,"href":"https:\/\/uj.adatbank.ro\/lexikon\/wp-json\/wp\/v2\/comments?post=8423"}],"wp:attachment":[{"href":"https:\/\/uj.adatbank.ro\/lexikon\/wp-json\/wp\/v2\/media?parent=8423"}],"wp:term":[{"taxonomy":"product_brand","embeddable":true,"href":"https:\/\/uj.adatbank.ro\/lexikon\/wp-json\/wp\/v2\/product_brand?post=8423"},{"taxonomy":"product_cat","embeddable":true,"href":"https:\/\/uj.adatbank.ro\/lexikon\/wp-json\/wp\/v2\/product_cat?post=8423"},{"taxonomy":"product_tag","embeddable":true,"href":"https:\/\/uj.adatbank.ro\/lexikon\/wp-json\/wp\/v2\/product_tag?post=8423"}],"curies":[{"name":"wp","href":"https:\/\/api.w.org\/{rel}","templated":true}]}}