{"id":8426,"date":"2025-06-29T10:25:39","date_gmt":"2025-06-29T08:25:39","guid":{"rendered":"https:\/\/uj.adatbank.ro\/lexikon\/termek\/fuzi-borbara-abafaji-gyulai-palne-majd-josika-istvanne-majd-sarmasagi-zsigmondne\/"},"modified":"2025-06-29T10:25:39","modified_gmt":"2025-06-29T08:25:39","slug":"fuzi-borbara-abafaji-gyulai-palne-majd-josika-istvanne-majd-sarmasagi-zsigmondne","status":"publish","type":"product","link":"https:\/\/uj.adatbank.ro\/lexikon\/termek\/fuzi-borbara-abafaji-gyulai-palne-majd-josika-istvanne-majd-sarmasagi-zsigmondne\/","title":{"rendered":"F\u00dcZI Borb\u00e1ra, abaf\u00e1ji Gyulai P\u00e1ln\u00e9, majd J\u00f3sika Istv\u00e1nn\u00e9, majd Sarmas\u00e1gi Zsigmondn\u00e9."},"content":{"rendered":"<p>Rokons\u00e1gban volt B\u00e1thori Zsigmond fejedelemmel, aki meg\u00f6lette Gyulai P\u00e1l (1550\u20131592) abaf\u00e1ji birtokost. <br \/><strong>Irod.:<\/strong> K\u00e9nosi-Uzoni 1., 2.<\/br><\/p>\n","protected":false},"excerpt":{"rendered":"<p>Rokons\u00e1gban volt B\u00e1thori Zsigmond fejedelemmel, aki meg\u00f6lette Gyulai P\u00e1l (1550\u20131592) abaf\u00e1ji birtokost. Irod.: K\u00e9nosi-Uzoni 1., 2.<\/p>\n","protected":false},"featured_media":0,"comment_status":"open","ping_status":"closed","template":"","meta":[],"product_brand":[],"product_cat":[137],"product_tag":[],"class_list":{"0":"post-8426","1":"product","2":"type-product","3":"status-publish","5":"product_cat-maros-megyei-eletrajzi-lexikon","7":"first","8":"instock","9":"shipping-taxable","10":"product-type-simple"},"_links":{"self":[{"href":"https:\/\/uj.adatbank.ro\/lexikon\/wp-json\/wp\/v2\/product\/8426","targetHints":{"allow":["GET"]}}],"collection":[{"href":"https:\/\/uj.adatbank.ro\/lexikon\/wp-json\/wp\/v2\/product"}],"about":[{"href":"https:\/\/uj.adatbank.ro\/lexikon\/wp-json\/wp\/v2\/types\/product"}],"replies":[{"embeddable":true,"href":"https:\/\/uj.adatbank.ro\/lexikon\/wp-json\/wp\/v2\/comments?post=8426"}],"wp:attachment":[{"href":"https:\/\/uj.adatbank.ro\/lexikon\/wp-json\/wp\/v2\/media?parent=8426"}],"wp:term":[{"taxonomy":"product_brand","embeddable":true,"href":"https:\/\/uj.adatbank.ro\/lexikon\/wp-json\/wp\/v2\/product_brand?post=8426"},{"taxonomy":"product_cat","embeddable":true,"href":"https:\/\/uj.adatbank.ro\/lexikon\/wp-json\/wp\/v2\/product_cat?post=8426"},{"taxonomy":"product_tag","embeddable":true,"href":"https:\/\/uj.adatbank.ro\/lexikon\/wp-json\/wp\/v2\/product_tag?post=8426"}],"curies":[{"name":"wp","href":"https:\/\/api.w.org\/{rel}","templated":true}]}}