{"id":8430,"date":"2025-06-29T10:25:46","date_gmt":"2025-06-29T08:25:46","guid":{"rendered":"https:\/\/uj.adatbank.ro\/lexikon\/termek\/gaal-csaba\/"},"modified":"2025-06-29T10:25:46","modified_gmt":"2025-06-29T08:25:46","slug":"gaal-csaba","status":"publish","type":"product","link":"https:\/\/uj.adatbank.ro\/lexikon\/termek\/gaal-csaba\/","title":{"rendered":"GA\u00c1L Csaba"},"content":{"rendered":"<p>Mv., 1965., \u2020 Mv., 2018.: orvos. \u2013 Elemi iskol\u00e1ban Panitban tanult, l\u00edceumot Mv.-en v\u00e9gzett. A MOGYI orvosi fakult\u00e1s\u00e1n v\u00e9gzett (1994) \u00e9s rezidens vizsg\u00e1t tett. Mv.-en belgy\u00f3gy\u00e1sz alorvos. (1994\u2013996). Sz\u00e9kelykereszt\u00faron belgy\u00f3gy\u00e1sz szakorvos (1966\u2013). <br \/><strong>Irod.:<\/strong> Kiss-P.\u2013P.<\/br><\/p>\n","protected":false},"excerpt":{"rendered":"<p>Mv., 1965., \u2020 Mv., 2018.: orvos. \u2013 Elemi iskol\u00e1ban Panitban tanult, l\u00edceumot Mv.-en v\u00e9gzett. A MOGYI orvosi fakult\u00e1s\u00e1n v\u00e9gzett (1994) \u00e9s rezidens vizsg\u00e1t tett. Mv.-en belgy\u00f3gy\u00e1sz alorvos. (1994\u2013996). Sz\u00e9kelykereszt\u00faron belgy\u00f3gy\u00e1sz szakorvos (1966\u2013). Irod.: Kiss-P.\u2013P.<\/p>\n","protected":false},"featured_media":0,"comment_status":"open","ping_status":"closed","template":"","meta":[],"product_brand":[],"product_cat":[137],"product_tag":[],"class_list":{"0":"post-8430","1":"product","2":"type-product","3":"status-publish","5":"product_cat-maros-megyei-eletrajzi-lexikon","7":"first","8":"instock","9":"shipping-taxable","10":"product-type-simple"},"_links":{"self":[{"href":"https:\/\/uj.adatbank.ro\/lexikon\/wp-json\/wp\/v2\/product\/8430","targetHints":{"allow":["GET"]}}],"collection":[{"href":"https:\/\/uj.adatbank.ro\/lexikon\/wp-json\/wp\/v2\/product"}],"about":[{"href":"https:\/\/uj.adatbank.ro\/lexikon\/wp-json\/wp\/v2\/types\/product"}],"replies":[{"embeddable":true,"href":"https:\/\/uj.adatbank.ro\/lexikon\/wp-json\/wp\/v2\/comments?post=8430"}],"wp:attachment":[{"href":"https:\/\/uj.adatbank.ro\/lexikon\/wp-json\/wp\/v2\/media?parent=8430"}],"wp:term":[{"taxonomy":"product_brand","embeddable":true,"href":"https:\/\/uj.adatbank.ro\/lexikon\/wp-json\/wp\/v2\/product_brand?post=8430"},{"taxonomy":"product_cat","embeddable":true,"href":"https:\/\/uj.adatbank.ro\/lexikon\/wp-json\/wp\/v2\/product_cat?post=8430"},{"taxonomy":"product_tag","embeddable":true,"href":"https:\/\/uj.adatbank.ro\/lexikon\/wp-json\/wp\/v2\/product_tag?post=8430"}],"curies":[{"name":"wp","href":"https:\/\/api.w.org\/{rel}","templated":true}]}}