{"id":8431,"date":"2025-06-29T10:25:48","date_gmt":"2025-06-29T08:25:48","guid":{"rendered":"https:\/\/uj.adatbank.ro\/lexikon\/termek\/gaal-elemer\/"},"modified":"2025-06-29T10:25:48","modified_gmt":"2025-06-29T08:25:48","slug":"gaal-elemer","status":"publish","type":"product","link":"https:\/\/uj.adatbank.ro\/lexikon\/termek\/gaal-elemer\/","title":{"rendered":"GA\u00c1L Elem\u00e9r"},"content":{"rendered":"<p>? \u2020 ? : kult\u00farm\u00e9rn\u00f6k. \u2013 Mv.-en a V\u00e1rosi kult\u00farm\u00e9rn\u00f6ki hivatal vezet\u0151jek\u00e9nt tervezte a Maros szab\u00e1lyoz\u00e1s\u00e1t (1942). <br \/><strong>Irod.:<\/strong> Id\u0151t\u00e1r 3<\/br><\/p>\n","protected":false},"excerpt":{"rendered":"<p>? \u2020 ? : kult\u00farm\u00e9rn\u00f6k. \u2013 Mv.-en a V\u00e1rosi kult\u00farm\u00e9rn\u00f6ki hivatal vezet\u0151jek\u00e9nt tervezte a Maros szab\u00e1lyoz\u00e1s\u00e1t (1942). Irod.: Id\u0151t\u00e1r 3<\/p>\n","protected":false},"featured_media":0,"comment_status":"open","ping_status":"closed","template":"","meta":[],"product_brand":[],"product_cat":[137],"product_tag":[],"class_list":{"0":"post-8431","1":"product","2":"type-product","3":"status-publish","5":"product_cat-maros-megyei-eletrajzi-lexikon","7":"first","8":"instock","9":"shipping-taxable","10":"product-type-simple"},"_links":{"self":[{"href":"https:\/\/uj.adatbank.ro\/lexikon\/wp-json\/wp\/v2\/product\/8431","targetHints":{"allow":["GET"]}}],"collection":[{"href":"https:\/\/uj.adatbank.ro\/lexikon\/wp-json\/wp\/v2\/product"}],"about":[{"href":"https:\/\/uj.adatbank.ro\/lexikon\/wp-json\/wp\/v2\/types\/product"}],"replies":[{"embeddable":true,"href":"https:\/\/uj.adatbank.ro\/lexikon\/wp-json\/wp\/v2\/comments?post=8431"}],"wp:attachment":[{"href":"https:\/\/uj.adatbank.ro\/lexikon\/wp-json\/wp\/v2\/media?parent=8431"}],"wp:term":[{"taxonomy":"product_brand","embeddable":true,"href":"https:\/\/uj.adatbank.ro\/lexikon\/wp-json\/wp\/v2\/product_brand?post=8431"},{"taxonomy":"product_cat","embeddable":true,"href":"https:\/\/uj.adatbank.ro\/lexikon\/wp-json\/wp\/v2\/product_cat?post=8431"},{"taxonomy":"product_tag","embeddable":true,"href":"https:\/\/uj.adatbank.ro\/lexikon\/wp-json\/wp\/v2\/product_tag?post=8431"}],"curies":[{"name":"wp","href":"https:\/\/api.w.org\/{rel}","templated":true}]}}