{"id":8434,"date":"2025-06-29T10:25:55","date_gmt":"2025-06-29T08:25:55","guid":{"rendered":"https:\/\/uj.adatbank.ro\/lexikon\/termek\/gaal-jozsef-%c2%a7-alsocsernatoni-gal-jozsef\/"},"modified":"2025-06-29T10:25:55","modified_gmt":"2025-06-29T08:25:55","slug":"gaal-jozsef-%c2%a7-alsocsernatoni-gal-jozsef","status":"publish","type":"product","link":"https:\/\/uj.adatbank.ro\/lexikon\/termek\/gaal-jozsef-%c2%a7-alsocsernatoni-gal-jozsef\/","title":{"rendered":"GA\u00c1L J\u00f3zsef, \u00a7 als\u00f3csern\u00e1toni, G\u00e1l J\u00f3zsef"},"content":{"rendered":"<p>Gog\u00e1nv\u00e1ralja, 1889., \u2020\u00a0? : f\u00f6ldbirtokos. \u2013 Apja: id. G. J\u00f3zsef. \u2013 R\u00e9szt vett az I. vh.-ban (1914\u2013) az orosz, olasz \u00e9s a rom\u00e1n fronton harcolt. F\u0151hadnagyk\u00e9nt kit\u00fcntet\u00e9sekkel szerelt le (1918). Apj\u00e1val egy\u00fctt \u00f3ri\u00e1si f\u00f6ldbirtokokkal rendelkezett Gog\u00e1nban \u00e9s Gog\u00e1nv\u00e1ralj\u00e1n. Volt 21 hold sz\u0151l\u0151birtoka is. A f\u00f6ldoszt\u00e1skor (1921), kisaj\u00e1t\u00edtott\u00e1k birtokaik egy r\u00e9sz\u00e9t, a g. kat. egyh\u00e1znak, ort. egyh\u00e1znak (papnak, k\u00e1ntornak \u00e9s templomnak) adt\u00e1k \u00e9s f\u00f6ldn\u00e9lk\u00fcli falubelieknek, k\u00f6zlegel\u0151nek osztott\u00e1k sz\u00e9t, valamint \u00e9p\u00edtkez\u00e9sre: \u00e1llami iskola, sportp\u00e1lya, k\u00f6zs\u00e9gh\u00e1za, m\u00e1s k\u00f6z\u00e9rdek\u0171 \u00e9p\u00fclet \u00e9p\u00edt\u00e9s\u00e9re (1927\u201328.). <br \/><strong>Irod.:<\/strong> Cs\u00e1vossy; Erd\u00e9lyi ezredek; Prozan<\/br><\/p>\n","protected":false},"excerpt":{"rendered":"<p>Gog\u00e1nv\u00e1ralja, 1889., \u2020\u00a0? : f\u00f6ldbirtokos. \u2013 Apja: id. G. J\u00f3zsef. \u2013 R\u00e9szt vett az I. vh.-ban (1914\u2013) az orosz, olasz \u00e9s a rom\u00e1n fronton harcolt. F\u0151hadnagyk\u00e9nt kit\u00fcntet\u00e9sekkel szerelt le (1918). Apj\u00e1val egy\u00fctt \u00f3ri\u00e1si f\u00f6ldbirtokokkal rendelkezett Gog\u00e1nban \u00e9s Gog\u00e1nv\u00e1ralj\u00e1n. Volt 21 hold sz\u0151l\u0151birtoka is. A f\u00f6ldoszt\u00e1skor (1921), kisaj\u00e1t\u00edtott\u00e1k birtokaik egy r\u00e9sz\u00e9t, a g. kat. egyh\u00e1znak, ort. [&hellip;]<\/p>\n","protected":false},"featured_media":0,"comment_status":"open","ping_status":"closed","template":"","meta":[],"product_brand":[],"product_cat":[137],"product_tag":[],"class_list":{"0":"post-8434","1":"product","2":"type-product","3":"status-publish","5":"product_cat-maros-megyei-eletrajzi-lexikon","7":"first","8":"instock","9":"shipping-taxable","10":"product-type-simple"},"_links":{"self":[{"href":"https:\/\/uj.adatbank.ro\/lexikon\/wp-json\/wp\/v2\/product\/8434","targetHints":{"allow":["GET"]}}],"collection":[{"href":"https:\/\/uj.adatbank.ro\/lexikon\/wp-json\/wp\/v2\/product"}],"about":[{"href":"https:\/\/uj.adatbank.ro\/lexikon\/wp-json\/wp\/v2\/types\/product"}],"replies":[{"embeddable":true,"href":"https:\/\/uj.adatbank.ro\/lexikon\/wp-json\/wp\/v2\/comments?post=8434"}],"wp:attachment":[{"href":"https:\/\/uj.adatbank.ro\/lexikon\/wp-json\/wp\/v2\/media?parent=8434"}],"wp:term":[{"taxonomy":"product_brand","embeddable":true,"href":"https:\/\/uj.adatbank.ro\/lexikon\/wp-json\/wp\/v2\/product_brand?post=8434"},{"taxonomy":"product_cat","embeddable":true,"href":"https:\/\/uj.adatbank.ro\/lexikon\/wp-json\/wp\/v2\/product_cat?post=8434"},{"taxonomy":"product_tag","embeddable":true,"href":"https:\/\/uj.adatbank.ro\/lexikon\/wp-json\/wp\/v2\/product_tag?post=8434"}],"curies":[{"name":"wp","href":"https:\/\/api.w.org\/{rel}","templated":true}]}}