{"id":8435,"date":"2025-06-29T10:26:01","date_gmt":"2025-06-29T08:26:01","guid":{"rendered":"https:\/\/uj.adatbank.ro\/lexikon\/termek\/gaal-jozsef-gal-jozsef\/"},"modified":"2025-06-29T10:26:01","modified_gmt":"2025-06-29T08:26:01","slug":"gaal-jozsef-gal-jozsef","status":"publish","type":"product","link":"https:\/\/uj.adatbank.ro\/lexikon\/termek\/gaal-jozsef-gal-jozsef\/","title":{"rendered":"GA\u00c1L J\u00f3zsef, G\u00e1l J\u00f3zsef"},"content":{"rendered":"<p>? \u2020\u00a0? : szerkeszt\u0151. \u2013 Szerk. -tte a Mv.-en megjelen\u0151 \u00c9p\u00edt\u0151ipari Munk\u00e1s c. baloldali lapot (1925\u201329), amelyet betiltottak \u00e9s b\u00edr\u00f3s\u00e1g el\u00e9 \u00e1ll\u00edtott\u00e1k a szerk. -t oszt\u00e1lyellenes izgat\u00e1s c\u00edm\u00e9n (1931). <br \/><strong>Irod.:<\/strong> Id\u0151t\u00e1r 3<\/br><\/p>\n","protected":false},"excerpt":{"rendered":"<p>? \u2020\u00a0? : szerkeszt\u0151. \u2013 Szerk. -tte a Mv.-en megjelen\u0151 \u00c9p\u00edt\u0151ipari Munk\u00e1s c. baloldali lapot (1925\u201329), amelyet betiltottak \u00e9s b\u00edr\u00f3s\u00e1g el\u00e9 \u00e1ll\u00edtott\u00e1k a szerk. -t oszt\u00e1lyellenes izgat\u00e1s c\u00edm\u00e9n (1931). Irod.: Id\u0151t\u00e1r 3<\/p>\n","protected":false},"featured_media":0,"comment_status":"open","ping_status":"closed","template":"","meta":[],"product_brand":[],"product_cat":[137],"product_tag":[],"class_list":{"0":"post-8435","1":"product","2":"type-product","3":"status-publish","5":"product_cat-maros-megyei-eletrajzi-lexikon","7":"first","8":"instock","9":"shipping-taxable","10":"product-type-simple"},"_links":{"self":[{"href":"https:\/\/uj.adatbank.ro\/lexikon\/wp-json\/wp\/v2\/product\/8435","targetHints":{"allow":["GET"]}}],"collection":[{"href":"https:\/\/uj.adatbank.ro\/lexikon\/wp-json\/wp\/v2\/product"}],"about":[{"href":"https:\/\/uj.adatbank.ro\/lexikon\/wp-json\/wp\/v2\/types\/product"}],"replies":[{"embeddable":true,"href":"https:\/\/uj.adatbank.ro\/lexikon\/wp-json\/wp\/v2\/comments?post=8435"}],"wp:attachment":[{"href":"https:\/\/uj.adatbank.ro\/lexikon\/wp-json\/wp\/v2\/media?parent=8435"}],"wp:term":[{"taxonomy":"product_brand","embeddable":true,"href":"https:\/\/uj.adatbank.ro\/lexikon\/wp-json\/wp\/v2\/product_brand?post=8435"},{"taxonomy":"product_cat","embeddable":true,"href":"https:\/\/uj.adatbank.ro\/lexikon\/wp-json\/wp\/v2\/product_cat?post=8435"},{"taxonomy":"product_tag","embeddable":true,"href":"https:\/\/uj.adatbank.ro\/lexikon\/wp-json\/wp\/v2\/product_tag?post=8435"}],"curies":[{"name":"wp","href":"https:\/\/api.w.org\/{rel}","templated":true}]}}