{"id":8442,"date":"2025-06-29T10:26:12","date_gmt":"2025-06-29T08:26:12","guid":{"rendered":"https:\/\/uj.adatbank.ro\/lexikon\/termek\/gaal-pal\/"},"modified":"2025-06-29T10:26:12","modified_gmt":"2025-06-29T08:26:12","slug":"gaal-pal","status":"publish","type":"product","link":"https:\/\/uj.adatbank.ro\/lexikon\/termek\/gaal-pal\/","title":{"rendered":"GA\u00c1L P\u00e1l"},"content":{"rendered":"<p>Kv., 1881., \u2020\u00a0Mv., 1965. m\u00e1j. 13: \u00e9p\u00edt\u00e9sz, vit\u00e9z. \u2013 Tartal\u00e9kos \u0151rmester. Vit\u00e9zi avat\u00e1sa. (1942. j\u00fan. 18). Zene oktat\u00f3 a Mv.-i R. K. gimn.-ban (1900\u201340). <br \/><strong>Irod.:<\/strong> Berekm\u00e9ri\u2013Nemes<\/br><\/p>\n","protected":false},"excerpt":{"rendered":"<p>Kv., 1881., \u2020\u00a0Mv., 1965. m\u00e1j. 13: \u00e9p\u00edt\u00e9sz, vit\u00e9z. \u2013 Tartal\u00e9kos \u0151rmester. Vit\u00e9zi avat\u00e1sa. (1942. j\u00fan. 18). Zene oktat\u00f3 a Mv.-i R. K. gimn.-ban (1900\u201340). Irod.: Berekm\u00e9ri\u2013Nemes<\/p>\n","protected":false},"featured_media":0,"comment_status":"open","ping_status":"closed","template":"","meta":[],"product_brand":[],"product_cat":[137],"product_tag":[],"class_list":{"0":"post-8442","1":"product","2":"type-product","3":"status-publish","5":"product_cat-maros-megyei-eletrajzi-lexikon","7":"first","8":"instock","9":"shipping-taxable","10":"product-type-simple"},"_links":{"self":[{"href":"https:\/\/uj.adatbank.ro\/lexikon\/wp-json\/wp\/v2\/product\/8442","targetHints":{"allow":["GET"]}}],"collection":[{"href":"https:\/\/uj.adatbank.ro\/lexikon\/wp-json\/wp\/v2\/product"}],"about":[{"href":"https:\/\/uj.adatbank.ro\/lexikon\/wp-json\/wp\/v2\/types\/product"}],"replies":[{"embeddable":true,"href":"https:\/\/uj.adatbank.ro\/lexikon\/wp-json\/wp\/v2\/comments?post=8442"}],"wp:attachment":[{"href":"https:\/\/uj.adatbank.ro\/lexikon\/wp-json\/wp\/v2\/media?parent=8442"}],"wp:term":[{"taxonomy":"product_brand","embeddable":true,"href":"https:\/\/uj.adatbank.ro\/lexikon\/wp-json\/wp\/v2\/product_brand?post=8442"},{"taxonomy":"product_cat","embeddable":true,"href":"https:\/\/uj.adatbank.ro\/lexikon\/wp-json\/wp\/v2\/product_cat?post=8442"},{"taxonomy":"product_tag","embeddable":true,"href":"https:\/\/uj.adatbank.ro\/lexikon\/wp-json\/wp\/v2\/product_tag?post=8442"}],"curies":[{"name":"wp","href":"https:\/\/api.w.org\/{rel}","templated":true}]}}