{"id":8444,"date":"2025-06-29T10:26:17","date_gmt":"2025-06-29T08:26:17","guid":{"rendered":"https:\/\/uj.adatbank.ro\/lexikon\/termek\/gaal-sandor\/"},"modified":"2025-06-29T10:26:17","modified_gmt":"2025-06-29T08:26:17","slug":"gaal-sandor","status":"publish","type":"product","link":"https:\/\/uj.adatbank.ro\/lexikon\/termek\/gaal-sandor\/","title":{"rendered":"GA\u00c1L S\u00e1ndor"},"content":{"rendered":"<p>Gog\u00e1nv\u00e1ralja, 1885. okt. 4., \u2020 Csern\u00e1ton, 1972. j\u00fal. 28.: hadm\u00e9rn\u00f6k, fizikus. \u2013 A b\u00e9csi hadm\u00e9rn\u00f6ki akad. elv\u00e9gz\u00e9se ut\u00e1n (1908), hivat\u00e1sos katonatisztk\u00e9nt kezdte p\u00e1ly\u00e1j\u00e1t. D\u00e9v\u00e1n a Ga\u00e1l \u00e9s Breckner M\u0171szaki V\u00e1llalat t\u00e1rstulajdonosa. Als\u00f3csern\u00e1tonban v\u00e9g\u00fcl Sepsiszetgy\u00f6rgy\u00f6n (1949\u2013) m\u00e9rn\u00f6k, tan\u00e1r. Tanulm\u00e1nya jelent meg a Naturwissenschaft-ban (1927). Hagyat\u00e9k\u00e1ban kiadatlan tal\u00e1lm\u00e1nyok, dolgozatok: L\u00e1thatatlan \u00fctegek felder\u00edt\u00e9s\u00e9t szolg\u00e1l\u00f3 k\u00e9sz\u00fcl\u00e9k (1915); A Lorentz csoport alaprendszerei, A line\u00e1ris \u00e1thelyez\u0151d\u00e9s invari\u00e1ns fizikai jellemz\u0151i; a kaszk\u00e1dgyors\u00edt\u00f3k elv\u00e9vel is foglalkozott Hozz\u00e1j\u00e1rul\u00e1s az atommagroncsol\u00e1s probl\u00e9m\u00e1j\u00e1hoz dolgozat\u00e1ban, ami k\u00f6zl\u00e9s eset\u00e9n abban az id\u0151ben vil\u00e1gsz\u00ednvonalat jelenthetett volna (1929). Bauer Guszt\u00e1vval k\u00f6z\u00f6sen szabadalmaztatta az univerz\u00e1lis forg\u00f3dugatty\u00fas k\u00e9sz\u00fcl\u00e9k\u00e9t (1960). A ciklotron elv\u00e9nek kidolgoz\u00f3ja. Eml\u00e9k\u00e9t a falu t\u00e1jh\u00e1za el\u0151tti kopjafa \u00e9s sz\u00fcl\u0151h\u00e1z\u00e1n eml\u00e9kt\u00e1bla \u0151rzi (\u00fcnnep\u00e9lyes leleplezz\u00e9se: 2015. m\u00e1j. 30). <br \/><strong>Irod.:<\/strong> Magyarok term. tud. \u00e9s technika; MTL; MTTT; RMIL<\/br><\/p>\n","protected":false},"excerpt":{"rendered":"<p>Gog\u00e1nv\u00e1ralja, 1885. okt. 4., \u2020 Csern\u00e1ton, 1972. j\u00fal. 28.: hadm\u00e9rn\u00f6k, fizikus. \u2013 A b\u00e9csi hadm\u00e9rn\u00f6ki akad. elv\u00e9gz\u00e9se ut\u00e1n (1908), hivat\u00e1sos katonatisztk\u00e9nt kezdte p\u00e1ly\u00e1j\u00e1t. D\u00e9v\u00e1n a Ga\u00e1l \u00e9s Breckner M\u0171szaki V\u00e1llalat t\u00e1rstulajdonosa. Als\u00f3csern\u00e1tonban v\u00e9g\u00fcl Sepsiszetgy\u00f6rgy\u00f6n (1949\u2013) m\u00e9rn\u00f6k, tan\u00e1r. Tanulm\u00e1nya jelent meg a Naturwissenschaft-ban (1927). Hagyat\u00e9k\u00e1ban kiadatlan tal\u00e1lm\u00e1nyok, dolgozatok: L\u00e1thatatlan \u00fctegek felder\u00edt\u00e9s\u00e9t szolg\u00e1l\u00f3 k\u00e9sz\u00fcl\u00e9k (1915); A Lorentz [&hellip;]<\/p>\n","protected":false},"featured_media":0,"comment_status":"open","ping_status":"closed","template":"","meta":[],"product_brand":[],"product_cat":[137],"product_tag":[],"class_list":{"0":"post-8444","1":"product","2":"type-product","3":"status-publish","5":"product_cat-maros-megyei-eletrajzi-lexikon","7":"first","8":"instock","9":"shipping-taxable","10":"product-type-simple"},"_links":{"self":[{"href":"https:\/\/uj.adatbank.ro\/lexikon\/wp-json\/wp\/v2\/product\/8444","targetHints":{"allow":["GET"]}}],"collection":[{"href":"https:\/\/uj.adatbank.ro\/lexikon\/wp-json\/wp\/v2\/product"}],"about":[{"href":"https:\/\/uj.adatbank.ro\/lexikon\/wp-json\/wp\/v2\/types\/product"}],"replies":[{"embeddable":true,"href":"https:\/\/uj.adatbank.ro\/lexikon\/wp-json\/wp\/v2\/comments?post=8444"}],"wp:attachment":[{"href":"https:\/\/uj.adatbank.ro\/lexikon\/wp-json\/wp\/v2\/media?parent=8444"}],"wp:term":[{"taxonomy":"product_brand","embeddable":true,"href":"https:\/\/uj.adatbank.ro\/lexikon\/wp-json\/wp\/v2\/product_brand?post=8444"},{"taxonomy":"product_cat","embeddable":true,"href":"https:\/\/uj.adatbank.ro\/lexikon\/wp-json\/wp\/v2\/product_cat?post=8444"},{"taxonomy":"product_tag","embeddable":true,"href":"https:\/\/uj.adatbank.ro\/lexikon\/wp-json\/wp\/v2\/product_tag?post=8444"}],"curies":[{"name":"wp","href":"https:\/\/api.w.org\/{rel}","templated":true}]}}