{"id":8448,"date":"2025-06-29T10:26:25","date_gmt":"2025-06-29T08:26:25","guid":{"rendered":"https:\/\/uj.adatbank.ro\/lexikon\/termek\/gaal-tamas-kovendi\/"},"modified":"2025-06-29T10:26:25","modified_gmt":"2025-06-29T08:26:25","slug":"gaal-tamas-kovendi","status":"publish","type":"product","link":"https:\/\/uj.adatbank.ro\/lexikon\/termek\/gaal-tamas-kovendi\/","title":{"rendered":"GA\u00c1L Tam\u00e1s, k\u00f6vendi"},"content":{"rendered":"<p>1753.? \u2020\u00a0Mv., 1823. jan. 8.: \u00edt\u00e9l\u0151mester. \u2013 Az erd\u00e9lyi nagyfejedelems\u00e9g egyik \u00edt\u00e9l\u0151mestere. A Kir. T\u00e1bla kezdte tev\u00e9kenys\u00e9g\u00e9t (1779\u2013), a F\u0151korm\u00e1nyn\u00e1l \u00e9s az udvari Kancell\u00e1ri\u00e1n\u00e1l dolgozott, v. b. t. t. <br \/><strong>Irod.:<\/strong> Gy\u00e1szjelent\u0151<\/br><\/p>\n","protected":false},"excerpt":{"rendered":"<p>1753.? \u2020\u00a0Mv., 1823. jan. 8.: \u00edt\u00e9l\u0151mester. \u2013 Az erd\u00e9lyi nagyfejedelems\u00e9g egyik \u00edt\u00e9l\u0151mestere. A Kir. T\u00e1bla kezdte tev\u00e9kenys\u00e9g\u00e9t (1779\u2013), a F\u0151korm\u00e1nyn\u00e1l \u00e9s az udvari Kancell\u00e1ri\u00e1n\u00e1l dolgozott, v. b. t. t. Irod.: Gy\u00e1szjelent\u0151<\/p>\n","protected":false},"featured_media":0,"comment_status":"open","ping_status":"closed","template":"","meta":[],"product_brand":[],"product_cat":[137],"product_tag":[],"class_list":{"0":"post-8448","1":"product","2":"type-product","3":"status-publish","5":"product_cat-maros-megyei-eletrajzi-lexikon","7":"first","8":"instock","9":"shipping-taxable","10":"product-type-simple"},"_links":{"self":[{"href":"https:\/\/uj.adatbank.ro\/lexikon\/wp-json\/wp\/v2\/product\/8448","targetHints":{"allow":["GET"]}}],"collection":[{"href":"https:\/\/uj.adatbank.ro\/lexikon\/wp-json\/wp\/v2\/product"}],"about":[{"href":"https:\/\/uj.adatbank.ro\/lexikon\/wp-json\/wp\/v2\/types\/product"}],"replies":[{"embeddable":true,"href":"https:\/\/uj.adatbank.ro\/lexikon\/wp-json\/wp\/v2\/comments?post=8448"}],"wp:attachment":[{"href":"https:\/\/uj.adatbank.ro\/lexikon\/wp-json\/wp\/v2\/media?parent=8448"}],"wp:term":[{"taxonomy":"product_brand","embeddable":true,"href":"https:\/\/uj.adatbank.ro\/lexikon\/wp-json\/wp\/v2\/product_brand?post=8448"},{"taxonomy":"product_cat","embeddable":true,"href":"https:\/\/uj.adatbank.ro\/lexikon\/wp-json\/wp\/v2\/product_cat?post=8448"},{"taxonomy":"product_tag","embeddable":true,"href":"https:\/\/uj.adatbank.ro\/lexikon\/wp-json\/wp\/v2\/product_tag?post=8448"}],"curies":[{"name":"wp","href":"https:\/\/api.w.org\/{rel}","templated":true}]}}