{"id":8450,"date":"2025-06-29T10:26:28","date_gmt":"2025-06-29T08:26:28","guid":{"rendered":"https:\/\/uj.adatbank.ro\/lexikon\/termek\/gaal-zsigmond\/"},"modified":"2025-06-29T10:26:28","modified_gmt":"2025-06-29T08:26:28","slug":"gaal-zsigmond","status":"publish","type":"product","link":"https:\/\/uj.adatbank.ro\/lexikon\/termek\/gaal-zsigmond\/","title":{"rendered":"GA\u00c1L Zsigmond"},"content":{"rendered":"<p>Vadad, 1887. jan. 1., \u2020 R\u00e1kosszentmih\u00e1ly, 1937. m\u00e1j. 17.: tan\u00e1r. \u2013 Tanulm\u00e1nyait Kv.-on az Unit Gimn.-ban \u00e9s az egyetemen v\u00e9gezte, t\u00f6rt. -latin tan\u00e1ri oklevelet szerzett (1911). Tan\u00edtott Mak\u00f3n, Temesv\u00e1rt, Petrozs\u00e9nyben, megint Mak\u00f3n, Bp.-en. H\u00e1rom 1658-b\u0151l val\u00f3 k\u00e9ziratban fennmaradt hist\u00f3riai \u00e9neket fedezett fel. <br \/><strong>Irod.:<\/strong> Cs\u00edkfalva; Guly\u00e1s<\/br><\/p>\n","protected":false},"excerpt":{"rendered":"<p>Vadad, 1887. jan. 1., \u2020 R\u00e1kosszentmih\u00e1ly, 1937. m\u00e1j. 17.: tan\u00e1r. \u2013 Tanulm\u00e1nyait Kv.-on az Unit Gimn.-ban \u00e9s az egyetemen v\u00e9gezte, t\u00f6rt. -latin tan\u00e1ri oklevelet szerzett (1911). Tan\u00edtott Mak\u00f3n, Temesv\u00e1rt, Petrozs\u00e9nyben, megint Mak\u00f3n, Bp.-en. H\u00e1rom 1658-b\u0151l val\u00f3 k\u00e9ziratban fennmaradt hist\u00f3riai \u00e9neket fedezett fel. Irod.: Cs\u00edkfalva; Guly\u00e1s<\/p>\n","protected":false},"featured_media":0,"comment_status":"open","ping_status":"closed","template":"","meta":[],"product_brand":[],"product_cat":[137],"product_tag":[],"class_list":{"0":"post-8450","1":"product","2":"type-product","3":"status-publish","5":"product_cat-maros-megyei-eletrajzi-lexikon","7":"first","8":"instock","9":"shipping-taxable","10":"product-type-simple"},"_links":{"self":[{"href":"https:\/\/uj.adatbank.ro\/lexikon\/wp-json\/wp\/v2\/product\/8450","targetHints":{"allow":["GET"]}}],"collection":[{"href":"https:\/\/uj.adatbank.ro\/lexikon\/wp-json\/wp\/v2\/product"}],"about":[{"href":"https:\/\/uj.adatbank.ro\/lexikon\/wp-json\/wp\/v2\/types\/product"}],"replies":[{"embeddable":true,"href":"https:\/\/uj.adatbank.ro\/lexikon\/wp-json\/wp\/v2\/comments?post=8450"}],"wp:attachment":[{"href":"https:\/\/uj.adatbank.ro\/lexikon\/wp-json\/wp\/v2\/media?parent=8450"}],"wp:term":[{"taxonomy":"product_brand","embeddable":true,"href":"https:\/\/uj.adatbank.ro\/lexikon\/wp-json\/wp\/v2\/product_brand?post=8450"},{"taxonomy":"product_cat","embeddable":true,"href":"https:\/\/uj.adatbank.ro\/lexikon\/wp-json\/wp\/v2\/product_cat?post=8450"},{"taxonomy":"product_tag","embeddable":true,"href":"https:\/\/uj.adatbank.ro\/lexikon\/wp-json\/wp\/v2\/product_tag?post=8450"}],"curies":[{"name":"wp","href":"https:\/\/api.w.org\/{rel}","templated":true}]}}