{"id":8451,"date":"2025-06-29T10:26:29","date_gmt":"2025-06-29T08:26:29","guid":{"rendered":"https:\/\/uj.adatbank.ro\/lexikon\/termek\/gaal-zsigmond-2\/"},"modified":"2025-06-29T10:26:29","modified_gmt":"2025-06-29T08:26:29","slug":"gaal-zsigmond-2","status":"publish","type":"product","link":"https:\/\/uj.adatbank.ro\/lexikon\/termek\/gaal-zsigmond-2\/","title":{"rendered":"GA\u00c1L Zsigmond"},"content":{"rendered":"<p>Somosd, ? \u2020\u00a0? : gy\u00e1rigazgat\u00f3. \u2013 Mv.-en a Ref. Koll.-ban \u00e9retts\u00e9gizett. Kv.-on a Dermata b\u0151rgy\u00e1r alap\u00edt\u00f3ja \u00e9s az \u00e1llamos\u00edt\u00e1sig (1949) igazgat\u00f3ja volt. Az egyetemist\u00e1knak \u00f6nk\u00f6lts\u00e9gi \u00e1ron adta el a cip\u0151ket. <br \/><strong>Irod.:<\/strong> Sipos<\/br><\/p>\n","protected":false},"excerpt":{"rendered":"<p>Somosd, ? \u2020\u00a0? : gy\u00e1rigazgat\u00f3. \u2013 Mv.-en a Ref. Koll.-ban \u00e9retts\u00e9gizett. Kv.-on a Dermata b\u0151rgy\u00e1r alap\u00edt\u00f3ja \u00e9s az \u00e1llamos\u00edt\u00e1sig (1949) igazgat\u00f3ja volt. Az egyetemist\u00e1knak \u00f6nk\u00f6lts\u00e9gi \u00e1ron adta el a cip\u0151ket. Irod.: Sipos<\/p>\n","protected":false},"featured_media":0,"comment_status":"open","ping_status":"closed","template":"","meta":[],"product_brand":[],"product_cat":[137],"product_tag":[],"class_list":{"0":"post-8451","1":"product","2":"type-product","3":"status-publish","5":"product_cat-maros-megyei-eletrajzi-lexikon","7":"first","8":"instock","9":"shipping-taxable","10":"product-type-simple"},"_links":{"self":[{"href":"https:\/\/uj.adatbank.ro\/lexikon\/wp-json\/wp\/v2\/product\/8451","targetHints":{"allow":["GET"]}}],"collection":[{"href":"https:\/\/uj.adatbank.ro\/lexikon\/wp-json\/wp\/v2\/product"}],"about":[{"href":"https:\/\/uj.adatbank.ro\/lexikon\/wp-json\/wp\/v2\/types\/product"}],"replies":[{"embeddable":true,"href":"https:\/\/uj.adatbank.ro\/lexikon\/wp-json\/wp\/v2\/comments?post=8451"}],"wp:attachment":[{"href":"https:\/\/uj.adatbank.ro\/lexikon\/wp-json\/wp\/v2\/media?parent=8451"}],"wp:term":[{"taxonomy":"product_brand","embeddable":true,"href":"https:\/\/uj.adatbank.ro\/lexikon\/wp-json\/wp\/v2\/product_brand?post=8451"},{"taxonomy":"product_cat","embeddable":true,"href":"https:\/\/uj.adatbank.ro\/lexikon\/wp-json\/wp\/v2\/product_cat?post=8451"},{"taxonomy":"product_tag","embeddable":true,"href":"https:\/\/uj.adatbank.ro\/lexikon\/wp-json\/wp\/v2\/product_tag?post=8451"}],"curies":[{"name":"wp","href":"https:\/\/api.w.org\/{rel}","templated":true}]}}