{"id":8452,"date":"2025-06-29T10:26:31","date_gmt":"2025-06-29T08:26:31","guid":{"rendered":"https:\/\/uj.adatbank.ro\/lexikon\/termek\/gabel-sandor\/"},"modified":"2025-06-29T10:26:31","modified_gmt":"2025-06-29T08:26:31","slug":"gabel-sandor","status":"publish","type":"product","link":"https:\/\/uj.adatbank.ro\/lexikon\/termek\/gabel-sandor\/","title":{"rendered":"G\u00c1BEL S\u00e1ndor"},"content":{"rendered":"<p>? \u2020 ? : zsid\u00f3 hitk\u00f6zs\u00e9gi tiszts\u00e9gvisel\u0151. \u2013 D\u00fch\u00f6dt anticionista cikket \u00edrt a Sz\u00e9kely Napl\u00f3ba (1913). Az Erd\u00e9lyi Zsid\u00f3 V\u00e1laszt\u00e1si Blokk vez\u00e9rsz\u00f3noka (1928). Az Orsz\u00e1gos Zsid\u00f3 P\u00e1rt mv.-i tagozat\u00e1nak aleln\u00f6ke (1931). <br \/><strong>Irod.:<\/strong> Id\u0151t\u00e1r 2; Id\u0151t\u00e1r 3<\/br><\/p>\n","protected":false},"excerpt":{"rendered":"<p>? \u2020 ? : zsid\u00f3 hitk\u00f6zs\u00e9gi tiszts\u00e9gvisel\u0151. \u2013 D\u00fch\u00f6dt anticionista cikket \u00edrt a Sz\u00e9kely Napl\u00f3ba (1913). Az Erd\u00e9lyi Zsid\u00f3 V\u00e1laszt\u00e1si Blokk vez\u00e9rsz\u00f3noka (1928). Az Orsz\u00e1gos Zsid\u00f3 P\u00e1rt mv.-i tagozat\u00e1nak aleln\u00f6ke (1931). Irod.: Id\u0151t\u00e1r 2; Id\u0151t\u00e1r 3<\/p>\n","protected":false},"featured_media":0,"comment_status":"open","ping_status":"closed","template":"","meta":[],"product_brand":[],"product_cat":[137],"product_tag":[],"class_list":{"0":"post-8452","1":"product","2":"type-product","3":"status-publish","5":"product_cat-maros-megyei-eletrajzi-lexikon","7":"first","8":"instock","9":"shipping-taxable","10":"product-type-simple"},"_links":{"self":[{"href":"https:\/\/uj.adatbank.ro\/lexikon\/wp-json\/wp\/v2\/product\/8452","targetHints":{"allow":["GET"]}}],"collection":[{"href":"https:\/\/uj.adatbank.ro\/lexikon\/wp-json\/wp\/v2\/product"}],"about":[{"href":"https:\/\/uj.adatbank.ro\/lexikon\/wp-json\/wp\/v2\/types\/product"}],"replies":[{"embeddable":true,"href":"https:\/\/uj.adatbank.ro\/lexikon\/wp-json\/wp\/v2\/comments?post=8452"}],"wp:attachment":[{"href":"https:\/\/uj.adatbank.ro\/lexikon\/wp-json\/wp\/v2\/media?parent=8452"}],"wp:term":[{"taxonomy":"product_brand","embeddable":true,"href":"https:\/\/uj.adatbank.ro\/lexikon\/wp-json\/wp\/v2\/product_brand?post=8452"},{"taxonomy":"product_cat","embeddable":true,"href":"https:\/\/uj.adatbank.ro\/lexikon\/wp-json\/wp\/v2\/product_cat?post=8452"},{"taxonomy":"product_tag","embeddable":true,"href":"https:\/\/uj.adatbank.ro\/lexikon\/wp-json\/wp\/v2\/product_tag?post=8452"}],"curies":[{"name":"wp","href":"https:\/\/api.w.org\/{rel}","templated":true}]}}