{"id":8456,"date":"2025-06-29T10:26:37","date_gmt":"2025-06-29T08:26:37","guid":{"rendered":"https:\/\/uj.adatbank.ro\/lexikon\/termek\/gabor-gyorgy\/"},"modified":"2025-06-29T10:26:37","modified_gmt":"2025-06-29T08:26:37","slug":"gabor-gyorgy","status":"publish","type":"product","link":"https:\/\/uj.adatbank.ro\/lexikon\/termek\/gabor-gyorgy\/","title":{"rendered":"G\u00c1BOR Gy\u00f6rgy"},"content":{"rendered":"<p>K\u00e1szonjakabfalva, 1795. \u00e1pr. 10. v. 1799.? \u2020\u00a01874. febr. 2.: r. k. pap. \u2013 Papp\u00e1 szentelt\u00e9k (1826. febr. 3.). Szatm\u00e1r megy\u00e9ben szolg\u00e1lt, majd pl\u00e9b\u00e1nos Szov\u00e1t\u00e1n (1843\u201352), Eheden (1952 \u2013 56), K\u00e1szonjakabfalv\u00e1n (1856), Sz\u00e9kelyp\u00e1lfalv\u00e1n (1857\u2013). <br \/><strong>Irod.:<\/strong> Ferenczi S\u00e1ndor 2009<\/br><\/p>\n","protected":false},"excerpt":{"rendered":"<p>K\u00e1szonjakabfalva, 1795. \u00e1pr. 10. v. 1799.? \u2020\u00a01874. febr. 2.: r. k. pap. \u2013 Papp\u00e1 szentelt\u00e9k (1826. febr. 3.). Szatm\u00e1r megy\u00e9ben szolg\u00e1lt, majd pl\u00e9b\u00e1nos Szov\u00e1t\u00e1n (1843\u201352), Eheden (1952 \u2013 56), K\u00e1szonjakabfalv\u00e1n (1856), Sz\u00e9kelyp\u00e1lfalv\u00e1n (1857\u2013). Irod.: Ferenczi S\u00e1ndor 2009<\/p>\n","protected":false},"featured_media":0,"comment_status":"open","ping_status":"closed","template":"","meta":[],"product_brand":[],"product_cat":[137],"product_tag":[],"class_list":{"0":"post-8456","1":"product","2":"type-product","3":"status-publish","5":"product_cat-maros-megyei-eletrajzi-lexikon","7":"first","8":"instock","9":"shipping-taxable","10":"product-type-simple"},"_links":{"self":[{"href":"https:\/\/uj.adatbank.ro\/lexikon\/wp-json\/wp\/v2\/product\/8456","targetHints":{"allow":["GET"]}}],"collection":[{"href":"https:\/\/uj.adatbank.ro\/lexikon\/wp-json\/wp\/v2\/product"}],"about":[{"href":"https:\/\/uj.adatbank.ro\/lexikon\/wp-json\/wp\/v2\/types\/product"}],"replies":[{"embeddable":true,"href":"https:\/\/uj.adatbank.ro\/lexikon\/wp-json\/wp\/v2\/comments?post=8456"}],"wp:attachment":[{"href":"https:\/\/uj.adatbank.ro\/lexikon\/wp-json\/wp\/v2\/media?parent=8456"}],"wp:term":[{"taxonomy":"product_brand","embeddable":true,"href":"https:\/\/uj.adatbank.ro\/lexikon\/wp-json\/wp\/v2\/product_brand?post=8456"},{"taxonomy":"product_cat","embeddable":true,"href":"https:\/\/uj.adatbank.ro\/lexikon\/wp-json\/wp\/v2\/product_cat?post=8456"},{"taxonomy":"product_tag","embeddable":true,"href":"https:\/\/uj.adatbank.ro\/lexikon\/wp-json\/wp\/v2\/product_tag?post=8456"}],"curies":[{"name":"wp","href":"https:\/\/api.w.org\/{rel}","templated":true}]}}