{"id":8461,"date":"2025-06-29T10:26:50","date_gmt":"2025-06-29T08:26:50","guid":{"rendered":"https:\/\/uj.adatbank.ro\/lexikon\/termek\/gabor-mate\/"},"modified":"2025-06-29T10:26:50","modified_gmt":"2025-06-29T08:26:50","slug":"gabor-mate","status":"publish","type":"product","link":"https:\/\/uj.adatbank.ro\/lexikon\/termek\/gabor-mate\/","title":{"rendered":"G\u00c1BOR M\u00e1t\u00e9"},"content":{"rendered":"<p>B\u00f6z\u00f6d, 1917. m\u00e1rc. 13., \u2020\u00a0Jamna, 1944. aug. 5. : honv\u00e9d. \u2013 Anyja G\u00e1bor M\u00e1ria. \u2013 A 27\/II. z\u00e1szl\u00f3aljban honv\u00e9d. Szil\u00e1nks\u00e9r\u00fcl\u00e9s okozta hal\u00e1l\u00e1t <br \/><strong>Irod.:<\/strong> Berekm\u00e9ri 2015<\/br><\/p>\n","protected":false},"excerpt":{"rendered":"<p>B\u00f6z\u00f6d, 1917. m\u00e1rc. 13., \u2020\u00a0Jamna, 1944. aug. 5. : honv\u00e9d. \u2013 Anyja G\u00e1bor M\u00e1ria. \u2013 A 27\/II. z\u00e1szl\u00f3aljban honv\u00e9d. Szil\u00e1nks\u00e9r\u00fcl\u00e9s okozta hal\u00e1l\u00e1t Irod.: Berekm\u00e9ri 2015<\/p>\n","protected":false},"featured_media":0,"comment_status":"open","ping_status":"closed","template":"","meta":[],"product_brand":[],"product_cat":[137],"product_tag":[],"class_list":{"0":"post-8461","1":"product","2":"type-product","3":"status-publish","5":"product_cat-maros-megyei-eletrajzi-lexikon","7":"first","8":"instock","9":"shipping-taxable","10":"product-type-simple"},"_links":{"self":[{"href":"https:\/\/uj.adatbank.ro\/lexikon\/wp-json\/wp\/v2\/product\/8461","targetHints":{"allow":["GET"]}}],"collection":[{"href":"https:\/\/uj.adatbank.ro\/lexikon\/wp-json\/wp\/v2\/product"}],"about":[{"href":"https:\/\/uj.adatbank.ro\/lexikon\/wp-json\/wp\/v2\/types\/product"}],"replies":[{"embeddable":true,"href":"https:\/\/uj.adatbank.ro\/lexikon\/wp-json\/wp\/v2\/comments?post=8461"}],"wp:attachment":[{"href":"https:\/\/uj.adatbank.ro\/lexikon\/wp-json\/wp\/v2\/media?parent=8461"}],"wp:term":[{"taxonomy":"product_brand","embeddable":true,"href":"https:\/\/uj.adatbank.ro\/lexikon\/wp-json\/wp\/v2\/product_brand?post=8461"},{"taxonomy":"product_cat","embeddable":true,"href":"https:\/\/uj.adatbank.ro\/lexikon\/wp-json\/wp\/v2\/product_cat?post=8461"},{"taxonomy":"product_tag","embeddable":true,"href":"https:\/\/uj.adatbank.ro\/lexikon\/wp-json\/wp\/v2\/product_tag?post=8461"}],"curies":[{"name":"wp","href":"https:\/\/api.w.org\/{rel}","templated":true}]}}