{"id":8466,"date":"2025-06-29T10:26:59","date_gmt":"2025-06-29T08:26:59","guid":{"rendered":"https:\/\/uj.adatbank.ro\/lexikon\/termek\/gaborvigh-bambo-julia\/"},"modified":"2025-06-29T10:26:59","modified_gmt":"2025-06-29T08:26:59","slug":"gaborvigh-bambo-julia","status":"publish","type":"product","link":"https:\/\/uj.adatbank.ro\/lexikon\/termek\/gaborvigh-bambo-julia\/","title":{"rendered":"G\u00c1BORVIGH B\u00c1MB\u00d3 J\u00falia"},"content":{"rendered":"<p>Bukarest, 1933. okt. 10., \u2020\u00a0? : Nagyk\u00e1rolyban a pedag\u00f3giai l\u00edc-ban tanult, a MOGYE Orvoskar\u00e1n v\u00e9gzett. Gyermekgy\u00f3gy\u00e1sz k\u00f6rorvos S\u00e1rpatakon, Mez\u0151panitban. <br \/><strong>Irod.:<\/strong> MOGYE<\/br><\/p>\n","protected":false},"excerpt":{"rendered":"<p>Bukarest, 1933. okt. 10., \u2020\u00a0? : Nagyk\u00e1rolyban a pedag\u00f3giai l\u00edc-ban tanult, a MOGYE Orvoskar\u00e1n v\u00e9gzett. Gyermekgy\u00f3gy\u00e1sz k\u00f6rorvos S\u00e1rpatakon, Mez\u0151panitban. Irod.: MOGYE<\/p>\n","protected":false},"featured_media":0,"comment_status":"open","ping_status":"closed","template":"","meta":[],"product_brand":[],"product_cat":[137],"product_tag":[],"class_list":{"0":"post-8466","1":"product","2":"type-product","3":"status-publish","5":"product_cat-maros-megyei-eletrajzi-lexikon","7":"first","8":"instock","9":"shipping-taxable","10":"product-type-simple"},"_links":{"self":[{"href":"https:\/\/uj.adatbank.ro\/lexikon\/wp-json\/wp\/v2\/product\/8466","targetHints":{"allow":["GET"]}}],"collection":[{"href":"https:\/\/uj.adatbank.ro\/lexikon\/wp-json\/wp\/v2\/product"}],"about":[{"href":"https:\/\/uj.adatbank.ro\/lexikon\/wp-json\/wp\/v2\/types\/product"}],"replies":[{"embeddable":true,"href":"https:\/\/uj.adatbank.ro\/lexikon\/wp-json\/wp\/v2\/comments?post=8466"}],"wp:attachment":[{"href":"https:\/\/uj.adatbank.ro\/lexikon\/wp-json\/wp\/v2\/media?parent=8466"}],"wp:term":[{"taxonomy":"product_brand","embeddable":true,"href":"https:\/\/uj.adatbank.ro\/lexikon\/wp-json\/wp\/v2\/product_brand?post=8466"},{"taxonomy":"product_cat","embeddable":true,"href":"https:\/\/uj.adatbank.ro\/lexikon\/wp-json\/wp\/v2\/product_cat?post=8466"},{"taxonomy":"product_tag","embeddable":true,"href":"https:\/\/uj.adatbank.ro\/lexikon\/wp-json\/wp\/v2\/product_tag?post=8466"}],"curies":[{"name":"wp","href":"https:\/\/api.w.org\/{rel}","templated":true}]}}