{"id":8472,"date":"2025-06-29T10:27:13","date_gmt":"2025-06-29T08:27:13","guid":{"rendered":"https:\/\/uj.adatbank.ro\/lexikon\/termek\/gabosi-tamas\/"},"modified":"2025-06-29T10:27:13","modified_gmt":"2025-06-29T08:27:13","slug":"gabosi-tamas","status":"publish","type":"product","link":"https:\/\/uj.adatbank.ro\/lexikon\/termek\/gabosi-tamas\/","title":{"rendered":"G\u00c1BOSI Tam\u00e1s"},"content":{"rendered":"<p>1914., \u2020 Mv., 1975. j\u00fan. 9.: \u00fajs\u00e1g\u00edr\u00f3. \u2013 Feles\u00e9ge: Derzsi Ella, kert\u00e9szm\u00e9rn\u00f6k (1925 \u2013 Bp., 2002. m\u00e1rc. 3.). \u2013 A Kultuszminiszt\u00e9rium MAT inspektora (1951 k.). A mv.-i V. Z. szerkeszt\u0151s\u00e9g\u00e9nek munkat\u00e1rsa volt. A securitate megfigyeltette (1966 k.), ekkor m\u00e1r nyugd\u00edjas \u00e9s \u00e1ll\u00edt\u00f3lag meg\u00edrta visszaeml\u00e9kez\u00e9seit. <br \/><strong>Irod.:<\/strong> Bartos 2012; G. T. [Nekrol\u00f3g], (V. Z., 1975. j\u00fan. 11.)<\/br><\/p>\n","protected":false},"excerpt":{"rendered":"<p>1914., \u2020 Mv., 1975. j\u00fan. 9.: \u00fajs\u00e1g\u00edr\u00f3. \u2013 Feles\u00e9ge: Derzsi Ella, kert\u00e9szm\u00e9rn\u00f6k (1925 \u2013 Bp., 2002. m\u00e1rc. 3.). \u2013 A Kultuszminiszt\u00e9rium MAT inspektora (1951 k.). A mv.-i V. Z. szerkeszt\u0151s\u00e9g\u00e9nek munkat\u00e1rsa volt. A securitate megfigyeltette (1966 k.), ekkor m\u00e1r nyugd\u00edjas \u00e9s \u00e1ll\u00edt\u00f3lag meg\u00edrta visszaeml\u00e9kez\u00e9seit. Irod.: Bartos 2012; G. T. [Nekrol\u00f3g], (V. Z., 1975. j\u00fan. 11.)<\/p>\n","protected":false},"featured_media":0,"comment_status":"open","ping_status":"closed","template":"","meta":[],"product_brand":[],"product_cat":[137],"product_tag":[],"class_list":{"0":"post-8472","1":"product","2":"type-product","3":"status-publish","5":"product_cat-maros-megyei-eletrajzi-lexikon","7":"first","8":"instock","9":"shipping-taxable","10":"product-type-simple"},"_links":{"self":[{"href":"https:\/\/uj.adatbank.ro\/lexikon\/wp-json\/wp\/v2\/product\/8472","targetHints":{"allow":["GET"]}}],"collection":[{"href":"https:\/\/uj.adatbank.ro\/lexikon\/wp-json\/wp\/v2\/product"}],"about":[{"href":"https:\/\/uj.adatbank.ro\/lexikon\/wp-json\/wp\/v2\/types\/product"}],"replies":[{"embeddable":true,"href":"https:\/\/uj.adatbank.ro\/lexikon\/wp-json\/wp\/v2\/comments?post=8472"}],"wp:attachment":[{"href":"https:\/\/uj.adatbank.ro\/lexikon\/wp-json\/wp\/v2\/media?parent=8472"}],"wp:term":[{"taxonomy":"product_brand","embeddable":true,"href":"https:\/\/uj.adatbank.ro\/lexikon\/wp-json\/wp\/v2\/product_brand?post=8472"},{"taxonomy":"product_cat","embeddable":true,"href":"https:\/\/uj.adatbank.ro\/lexikon\/wp-json\/wp\/v2\/product_cat?post=8472"},{"taxonomy":"product_tag","embeddable":true,"href":"https:\/\/uj.adatbank.ro\/lexikon\/wp-json\/wp\/v2\/product_tag?post=8472"}],"curies":[{"name":"wp","href":"https:\/\/api.w.org\/{rel}","templated":true}]}}