{"id":8473,"date":"2025-06-29T10:27:15","date_gmt":"2025-06-29T08:27:15","guid":{"rendered":"https:\/\/uj.adatbank.ro\/lexikon\/termek\/gabossy-laszlo\/"},"modified":"2025-06-29T10:27:15","modified_gmt":"2025-06-29T08:27:15","slug":"gabossy-laszlo","status":"publish","type":"product","link":"https:\/\/uj.adatbank.ro\/lexikon\/termek\/gabossy-laszlo\/","title":{"rendered":"G\u00c1BOSSY L\u00e1szl\u00f3"},"content":{"rendered":"<p>Ditr\u00f3, 1901. febr. 15., \u2020 ? : alezredes. \u2013 A mv.-i 27. sz\u00e9kelyt\u0171z\u00e9roszt\u00e1lyon \u00fctegparancsnok sz\u00e1zadosi rendfokozatban (1940. nov. 15. \u2013). \u0151rnagy (1942. m\u00e1rc. 20. \u2013), alezredes (1943. m\u00e1j. 1. \u2013). A frontszolg\u00e1laton 27\/ II. t\u00e1bori t\u0171z\u00e9roszt\u00e1ly parancsnoka (1944. \u00e1pr. 1. \u2013 1945. m\u00e1j. 9.). <br \/><strong>Irod.:<\/strong> Berekm\u00e9ri: mv.-i 27. hadoszt\u00e1ly<\/br><\/p>\n","protected":false},"excerpt":{"rendered":"<p>Ditr\u00f3, 1901. febr. 15., \u2020 ? : alezredes. \u2013 A mv.-i 27. sz\u00e9kelyt\u0171z\u00e9roszt\u00e1lyon \u00fctegparancsnok sz\u00e1zadosi rendfokozatban (1940. nov. 15. \u2013). \u0151rnagy (1942. m\u00e1rc. 20. \u2013), alezredes (1943. m\u00e1j. 1. \u2013). A frontszolg\u00e1laton 27\/ II. t\u00e1bori t\u0171z\u00e9roszt\u00e1ly parancsnoka (1944. \u00e1pr. 1. \u2013 1945. m\u00e1j. 9.). Irod.: Berekm\u00e9ri: mv.-i 27. hadoszt\u00e1ly<\/p>\n","protected":false},"featured_media":0,"comment_status":"open","ping_status":"closed","template":"","meta":[],"product_brand":[],"product_cat":[137],"product_tag":[],"class_list":{"0":"post-8473","1":"product","2":"type-product","3":"status-publish","5":"product_cat-maros-megyei-eletrajzi-lexikon","7":"first","8":"instock","9":"shipping-taxable","10":"product-type-simple"},"_links":{"self":[{"href":"https:\/\/uj.adatbank.ro\/lexikon\/wp-json\/wp\/v2\/product\/8473","targetHints":{"allow":["GET"]}}],"collection":[{"href":"https:\/\/uj.adatbank.ro\/lexikon\/wp-json\/wp\/v2\/product"}],"about":[{"href":"https:\/\/uj.adatbank.ro\/lexikon\/wp-json\/wp\/v2\/types\/product"}],"replies":[{"embeddable":true,"href":"https:\/\/uj.adatbank.ro\/lexikon\/wp-json\/wp\/v2\/comments?post=8473"}],"wp:attachment":[{"href":"https:\/\/uj.adatbank.ro\/lexikon\/wp-json\/wp\/v2\/media?parent=8473"}],"wp:term":[{"taxonomy":"product_brand","embeddable":true,"href":"https:\/\/uj.adatbank.ro\/lexikon\/wp-json\/wp\/v2\/product_brand?post=8473"},{"taxonomy":"product_cat","embeddable":true,"href":"https:\/\/uj.adatbank.ro\/lexikon\/wp-json\/wp\/v2\/product_cat?post=8473"},{"taxonomy":"product_tag","embeddable":true,"href":"https:\/\/uj.adatbank.ro\/lexikon\/wp-json\/wp\/v2\/product_tag?post=8473"}],"curies":[{"name":"wp","href":"https:\/\/api.w.org\/{rel}","templated":true}]}}