{"id":8474,"date":"2025-06-29T10:27:17","date_gmt":"2025-06-29T08:27:17","guid":{"rendered":"https:\/\/uj.adatbank.ro\/lexikon\/termek\/gabri-jozsef\/"},"modified":"2025-06-29T10:27:17","modified_gmt":"2025-06-29T08:27:17","slug":"gabri-jozsef","status":"publish","type":"product","link":"https:\/\/uj.adatbank.ro\/lexikon\/termek\/gabri-jozsef\/","title":{"rendered":"GABRI J\u00f3zsef"},"content":{"rendered":"<p>? \u2020\u00a01834. szept. 2.: r. k. pap, tan\u00e1r. \u2013 Paptan\u00e1r a mv.-i R. K. Gimn.-ban (1812\u2013); subregens a neveld\u00e9ben nyugd\u00edjaz\u00e1s\u00e1ig (1820\u201331). <br \/><strong>Irod.:<\/strong> Ferenczi S\u00e1ndor 2009; Kr\u00f3n. F\u00fcz. (1939. 4\/7), Lupa\u015f, Ioan: Zur Geschichte der Rum\u00e4nen (Sibiu, 1943)<\/br><\/p>\n","protected":false},"excerpt":{"rendered":"<p>? \u2020\u00a01834. szept. 2.: r. k. pap, tan\u00e1r. \u2013 Paptan\u00e1r a mv.-i R. K. Gimn.-ban (1812\u2013); subregens a neveld\u00e9ben nyugd\u00edjaz\u00e1s\u00e1ig (1820\u201331). Irod.: Ferenczi S\u00e1ndor 2009; Kr\u00f3n. F\u00fcz. (1939. 4\/7), Lupa\u015f, Ioan: Zur Geschichte der Rum\u00e4nen (Sibiu, 1943)<\/p>\n","protected":false},"featured_media":0,"comment_status":"open","ping_status":"closed","template":"","meta":[],"product_brand":[],"product_cat":[137],"product_tag":[],"class_list":{"0":"post-8474","1":"product","2":"type-product","3":"status-publish","5":"product_cat-maros-megyei-eletrajzi-lexikon","7":"first","8":"instock","9":"shipping-taxable","10":"product-type-simple"},"_links":{"self":[{"href":"https:\/\/uj.adatbank.ro\/lexikon\/wp-json\/wp\/v2\/product\/8474","targetHints":{"allow":["GET"]}}],"collection":[{"href":"https:\/\/uj.adatbank.ro\/lexikon\/wp-json\/wp\/v2\/product"}],"about":[{"href":"https:\/\/uj.adatbank.ro\/lexikon\/wp-json\/wp\/v2\/types\/product"}],"replies":[{"embeddable":true,"href":"https:\/\/uj.adatbank.ro\/lexikon\/wp-json\/wp\/v2\/comments?post=8474"}],"wp:attachment":[{"href":"https:\/\/uj.adatbank.ro\/lexikon\/wp-json\/wp\/v2\/media?parent=8474"}],"wp:term":[{"taxonomy":"product_brand","embeddable":true,"href":"https:\/\/uj.adatbank.ro\/lexikon\/wp-json\/wp\/v2\/product_brand?post=8474"},{"taxonomy":"product_cat","embeddable":true,"href":"https:\/\/uj.adatbank.ro\/lexikon\/wp-json\/wp\/v2\/product_cat?post=8474"},{"taxonomy":"product_tag","embeddable":true,"href":"https:\/\/uj.adatbank.ro\/lexikon\/wp-json\/wp\/v2\/product_tag?post=8474"}],"curies":[{"name":"wp","href":"https:\/\/api.w.org\/{rel}","templated":true}]}}