{"id":8476,"date":"2025-06-29T10:27:20","date_gmt":"2025-06-29T08:27:20","guid":{"rendered":"https:\/\/uj.adatbank.ro\/lexikon\/termek\/gado-istvan-ocsi\/"},"modified":"2025-06-29T10:27:20","modified_gmt":"2025-06-29T08:27:20","slug":"gado-istvan-ocsi","status":"publish","type":"product","link":"https:\/\/uj.adatbank.ro\/lexikon\/termek\/gado-istvan-ocsi\/","title":{"rendered":"GAD\u00d3 Istv\u00e1n, \u00d6csi"},"content":{"rendered":"<p>1940.? \u2020\u00a0Mv., 2007. nov. 20.: t\u00e1ncos. \u2013 Az \u00c1llami Sz\u00e9kely N\u00e9pi Egy\u00fcttes szol\u00f3t\u00e1ncosa volt. <br \/><strong>Irod.:<\/strong> [Nekrol\u00f3g] (N\u00fa., 2007. nov. 21.)<\/br><\/p>\n","protected":false},"excerpt":{"rendered":"<p>1940.? \u2020\u00a0Mv., 2007. nov. 20.: t\u00e1ncos. \u2013 Az \u00c1llami Sz\u00e9kely N\u00e9pi Egy\u00fcttes szol\u00f3t\u00e1ncosa volt. Irod.: [Nekrol\u00f3g] (N\u00fa., 2007. nov. 21.)<\/p>\n","protected":false},"featured_media":0,"comment_status":"open","ping_status":"closed","template":"","meta":[],"product_brand":[],"product_cat":[137],"product_tag":[],"class_list":{"0":"post-8476","1":"product","2":"type-product","3":"status-publish","5":"product_cat-maros-megyei-eletrajzi-lexikon","7":"first","8":"instock","9":"shipping-taxable","10":"product-type-simple"},"_links":{"self":[{"href":"https:\/\/uj.adatbank.ro\/lexikon\/wp-json\/wp\/v2\/product\/8476","targetHints":{"allow":["GET"]}}],"collection":[{"href":"https:\/\/uj.adatbank.ro\/lexikon\/wp-json\/wp\/v2\/product"}],"about":[{"href":"https:\/\/uj.adatbank.ro\/lexikon\/wp-json\/wp\/v2\/types\/product"}],"replies":[{"embeddable":true,"href":"https:\/\/uj.adatbank.ro\/lexikon\/wp-json\/wp\/v2\/comments?post=8476"}],"wp:attachment":[{"href":"https:\/\/uj.adatbank.ro\/lexikon\/wp-json\/wp\/v2\/media?parent=8476"}],"wp:term":[{"taxonomy":"product_brand","embeddable":true,"href":"https:\/\/uj.adatbank.ro\/lexikon\/wp-json\/wp\/v2\/product_brand?post=8476"},{"taxonomy":"product_cat","embeddable":true,"href":"https:\/\/uj.adatbank.ro\/lexikon\/wp-json\/wp\/v2\/product_cat?post=8476"},{"taxonomy":"product_tag","embeddable":true,"href":"https:\/\/uj.adatbank.ro\/lexikon\/wp-json\/wp\/v2\/product_tag?post=8476"}],"curies":[{"name":"wp","href":"https:\/\/api.w.org\/{rel}","templated":true}]}}