{"id":8478,"date":"2025-06-29T10:27:23","date_gmt":"2025-06-29T08:27:23","guid":{"rendered":"https:\/\/uj.adatbank.ro\/lexikon\/termek\/gagyi-denes\/"},"modified":"2025-06-29T10:27:23","modified_gmt":"2025-06-29T08:27:23","slug":"gagyi-denes","status":"publish","type":"product","link":"https:\/\/uj.adatbank.ro\/lexikon\/termek\/gagyi-denes\/","title":{"rendered":"GAGYI D\u00e9nes"},"content":{"rendered":"<p>? \u2020 ? : tan\u00edt\u00f3. \u2013 Fia: Gagyi L\u00e1szl\u00f3 \u00edr\u00f3. \u2013 A k\u00e9t vh. k\u00f6z\u00f6tt Backamadarason tan\u00edtott (1924\u201348). Abban az id\u0151ben \u00e9p\u00fclt fel az \u00e1llami iskola ma is l\u00e9tez\u0151 \u00e9p\u00fclete (1935\u201336), ma orvosi rendel\u0151. Sz\u00e9lesk\u00f6r\u0171 m\u0171vel\u0151d\u00e9si \u00e9letet ir\u00e1ny\u00edtott a faluban: t\u00f6bb sz\u00edndarabot tan\u00edtott be, t\u00e1nccsoportot \u00e9s dal\u00e1rd\u00e1t vezetett, isk.-i \u00fcnnep\u00e9lyeket szervezett. <br \/><strong>Irod.:<\/strong> Backamadaras<\/br><\/p>\n","protected":false},"excerpt":{"rendered":"<p>? \u2020 ? : tan\u00edt\u00f3. \u2013 Fia: Gagyi L\u00e1szl\u00f3 \u00edr\u00f3. \u2013 A k\u00e9t vh. k\u00f6z\u00f6tt Backamadarason tan\u00edtott (1924\u201348). Abban az id\u0151ben \u00e9p\u00fclt fel az \u00e1llami iskola ma is l\u00e9tez\u0151 \u00e9p\u00fclete (1935\u201336), ma orvosi rendel\u0151. Sz\u00e9lesk\u00f6r\u0171 m\u0171vel\u0151d\u00e9si \u00e9letet ir\u00e1ny\u00edtott a faluban: t\u00f6bb sz\u00edndarabot tan\u00edtott be, t\u00e1nccsoportot \u00e9s dal\u00e1rd\u00e1t vezetett, isk.-i \u00fcnnep\u00e9lyeket szervezett. Irod.: Backamadaras<\/p>\n","protected":false},"featured_media":0,"comment_status":"open","ping_status":"closed","template":"","meta":[],"product_brand":[],"product_cat":[137],"product_tag":[],"class_list":{"0":"post-8478","1":"product","2":"type-product","3":"status-publish","5":"product_cat-maros-megyei-eletrajzi-lexikon","7":"first","8":"instock","9":"shipping-taxable","10":"product-type-simple"},"_links":{"self":[{"href":"https:\/\/uj.adatbank.ro\/lexikon\/wp-json\/wp\/v2\/product\/8478","targetHints":{"allow":["GET"]}}],"collection":[{"href":"https:\/\/uj.adatbank.ro\/lexikon\/wp-json\/wp\/v2\/product"}],"about":[{"href":"https:\/\/uj.adatbank.ro\/lexikon\/wp-json\/wp\/v2\/types\/product"}],"replies":[{"embeddable":true,"href":"https:\/\/uj.adatbank.ro\/lexikon\/wp-json\/wp\/v2\/comments?post=8478"}],"wp:attachment":[{"href":"https:\/\/uj.adatbank.ro\/lexikon\/wp-json\/wp\/v2\/media?parent=8478"}],"wp:term":[{"taxonomy":"product_brand","embeddable":true,"href":"https:\/\/uj.adatbank.ro\/lexikon\/wp-json\/wp\/v2\/product_brand?post=8478"},{"taxonomy":"product_cat","embeddable":true,"href":"https:\/\/uj.adatbank.ro\/lexikon\/wp-json\/wp\/v2\/product_cat?post=8478"},{"taxonomy":"product_tag","embeddable":true,"href":"https:\/\/uj.adatbank.ro\/lexikon\/wp-json\/wp\/v2\/product_tag?post=8478"}],"curies":[{"name":"wp","href":"https:\/\/api.w.org\/{rel}","templated":true}]}}