{"id":8481,"date":"2025-06-29T10:27:30","date_gmt":"2025-06-29T08:27:30","guid":{"rendered":"https:\/\/uj.adatbank.ro\/lexikon\/termek\/gagyi-erzsebet-zwatoni-erzsebet-gagyi-peterne\/"},"modified":"2025-06-29T10:27:30","modified_gmt":"2025-06-29T08:27:30","slug":"gagyi-erzsebet-zwatoni-erzsebet-gagyi-peterne","status":"publish","type":"product","link":"https:\/\/uj.adatbank.ro\/lexikon\/termek\/gagyi-erzsebet-zwatoni-erzsebet-gagyi-peterne\/","title":{"rendered":"GAGYI Erzs\u00e9bet, Zwatoni Erzs\u00e9bet, Gagyi P\u00e9tern\u00e9"},"content":{"rendered":"<p>1905, \u2020 Mv., 1985. m\u00e1rc. 26.: munk\u00e1smozgalmi harcos. \u2013 Az RKP tagja (1930), r\u00e9szt vett a p\u00e1rt \u00e1ltal szervezett akci\u00f3kban Mv.-en \u00e9s Buk.-ben. Sz\u00e1mos feladatot kapott p\u00e1rt \u2013 \u00e9s t\u00f6megszervezeti munk\u00e1kban (1944 ut\u00e1n). <br \/><strong>Irod.:<\/strong> G. E. [Nekrol\u00f3g], (V. Z., 1985. m\u00e1rc. 27.)<\/br><\/p>\n","protected":false},"excerpt":{"rendered":"<p>1905, \u2020 Mv., 1985. m\u00e1rc. 26.: munk\u00e1smozgalmi harcos. \u2013 Az RKP tagja (1930), r\u00e9szt vett a p\u00e1rt \u00e1ltal szervezett akci\u00f3kban Mv.-en \u00e9s Buk.-ben. Sz\u00e1mos feladatot kapott p\u00e1rt \u2013 \u00e9s t\u00f6megszervezeti munk\u00e1kban (1944 ut\u00e1n). Irod.: G. E. [Nekrol\u00f3g], (V. Z., 1985. m\u00e1rc. 27.)<\/p>\n","protected":false},"featured_media":0,"comment_status":"open","ping_status":"closed","template":"","meta":[],"product_brand":[],"product_cat":[137],"product_tag":[],"class_list":{"0":"post-8481","1":"product","2":"type-product","3":"status-publish","5":"product_cat-maros-megyei-eletrajzi-lexikon","7":"first","8":"instock","9":"shipping-taxable","10":"product-type-simple"},"_links":{"self":[{"href":"https:\/\/uj.adatbank.ro\/lexikon\/wp-json\/wp\/v2\/product\/8481","targetHints":{"allow":["GET"]}}],"collection":[{"href":"https:\/\/uj.adatbank.ro\/lexikon\/wp-json\/wp\/v2\/product"}],"about":[{"href":"https:\/\/uj.adatbank.ro\/lexikon\/wp-json\/wp\/v2\/types\/product"}],"replies":[{"embeddable":true,"href":"https:\/\/uj.adatbank.ro\/lexikon\/wp-json\/wp\/v2\/comments?post=8481"}],"wp:attachment":[{"href":"https:\/\/uj.adatbank.ro\/lexikon\/wp-json\/wp\/v2\/media?parent=8481"}],"wp:term":[{"taxonomy":"product_brand","embeddable":true,"href":"https:\/\/uj.adatbank.ro\/lexikon\/wp-json\/wp\/v2\/product_brand?post=8481"},{"taxonomy":"product_cat","embeddable":true,"href":"https:\/\/uj.adatbank.ro\/lexikon\/wp-json\/wp\/v2\/product_cat?post=8481"},{"taxonomy":"product_tag","embeddable":true,"href":"https:\/\/uj.adatbank.ro\/lexikon\/wp-json\/wp\/v2\/product_tag?post=8481"}],"curies":[{"name":"wp","href":"https:\/\/api.w.org\/{rel}","templated":true}]}}