{"id":8482,"date":"2025-06-29T10:27:31","date_gmt":"2025-06-29T08:27:31","guid":{"rendered":"https:\/\/uj.adatbank.ro\/lexikon\/termek\/gagyi-gyorgy\/"},"modified":"2025-06-29T10:27:31","modified_gmt":"2025-06-29T08:27:31","slug":"gagyi-gyorgy","status":"publish","type":"product","link":"https:\/\/uj.adatbank.ro\/lexikon\/termek\/gagyi-gyorgy\/","title":{"rendered":"GAGYI Gy\u00f6rgy"},"content":{"rendered":"<p>Parajd, 1876. \u00e1pr. 25., \u2020\u00a01917. m\u00e1rc. 12.: r. k. pap. \u2013 A gimn. -ot Mv.-en \u00e9s Esztergomban a teol\u00f3giai tanulm\u00e1nyait v\u00e9gezte. Papp\u00e1 szentelt\u00e9k (1900. m\u00e1rc. 10.). K\u00e1pl\u00e1n Ditr\u00f3ban (1901), Gyergy\u00f3szentmikl\u00f3son. Lelkip\u00e1sztor Kid\u00e9n, Fut\u00e1sfalv\u00e1n, Nagyenyeden b\u00f6rt\u00f6nlelk\u00e9sz, lelk\u00e9sz Nagyszebenben, Abosfalv\u00e1n lelkip\u00e1sztor (1911\u201313). <br \/><strong>Irod.:<\/strong> Ferenczi S\u00e1ndor 2009<\/br><\/p>\n","protected":false},"excerpt":{"rendered":"<p>Parajd, 1876. \u00e1pr. 25., \u2020\u00a01917. m\u00e1rc. 12.: r. k. pap. \u2013 A gimn. -ot Mv.-en \u00e9s Esztergomban a teol\u00f3giai tanulm\u00e1nyait v\u00e9gezte. Papp\u00e1 szentelt\u00e9k (1900. m\u00e1rc. 10.). K\u00e1pl\u00e1n Ditr\u00f3ban (1901), Gyergy\u00f3szentmikl\u00f3son. Lelkip\u00e1sztor Kid\u00e9n, Fut\u00e1sfalv\u00e1n, Nagyenyeden b\u00f6rt\u00f6nlelk\u00e9sz, lelk\u00e9sz Nagyszebenben, Abosfalv\u00e1n lelkip\u00e1sztor (1911\u201313). Irod.: Ferenczi S\u00e1ndor 2009<\/p>\n","protected":false},"featured_media":0,"comment_status":"open","ping_status":"closed","template":"","meta":[],"product_brand":[],"product_cat":[137],"product_tag":[],"class_list":{"0":"post-8482","1":"product","2":"type-product","3":"status-publish","5":"product_cat-maros-megyei-eletrajzi-lexikon","7":"first","8":"instock","9":"shipping-taxable","10":"product-type-simple"},"_links":{"self":[{"href":"https:\/\/uj.adatbank.ro\/lexikon\/wp-json\/wp\/v2\/product\/8482","targetHints":{"allow":["GET"]}}],"collection":[{"href":"https:\/\/uj.adatbank.ro\/lexikon\/wp-json\/wp\/v2\/product"}],"about":[{"href":"https:\/\/uj.adatbank.ro\/lexikon\/wp-json\/wp\/v2\/types\/product"}],"replies":[{"embeddable":true,"href":"https:\/\/uj.adatbank.ro\/lexikon\/wp-json\/wp\/v2\/comments?post=8482"}],"wp:attachment":[{"href":"https:\/\/uj.adatbank.ro\/lexikon\/wp-json\/wp\/v2\/media?parent=8482"}],"wp:term":[{"taxonomy":"product_brand","embeddable":true,"href":"https:\/\/uj.adatbank.ro\/lexikon\/wp-json\/wp\/v2\/product_brand?post=8482"},{"taxonomy":"product_cat","embeddable":true,"href":"https:\/\/uj.adatbank.ro\/lexikon\/wp-json\/wp\/v2\/product_cat?post=8482"},{"taxonomy":"product_tag","embeddable":true,"href":"https:\/\/uj.adatbank.ro\/lexikon\/wp-json\/wp\/v2\/product_tag?post=8482"}],"curies":[{"name":"wp","href":"https:\/\/api.w.org\/{rel}","templated":true}]}}