{"id":8483,"date":"2025-06-29T10:27:33","date_gmt":"2025-06-29T08:27:33","guid":{"rendered":"https:\/\/uj.adatbank.ro\/lexikon\/termek\/gagyi-istvan-andor\/"},"modified":"2025-06-29T10:27:33","modified_gmt":"2025-06-29T08:27:33","slug":"gagyi-istvan-andor","status":"publish","type":"product","link":"https:\/\/uj.adatbank.ro\/lexikon\/termek\/gagyi-istvan-andor\/","title":{"rendered":"GAGYI Istv\u00e1n Andor"},"content":{"rendered":"<p>Fintah\u00e1za, 1909., \u2020\u00a0? : tan\u00edt\u00f3. \u2013 Feles\u00e9ge Hideg Irma okl. tan\u00edt\u00f3n\u0151 (1930\u2013). K\u00f6z\u00e9piskolai tanulm\u00e1nyait a mv.-i Ref. Koll.-ban, a tan\u00edt\u00f3k\u00e9pz\u0151t Nagyenyeden v\u00e9gezte (1929). Harasztkereken tan\u00edtott (1930\u2013). <br \/><strong>Irod.:<\/strong> Sz\u00e9kelyf\u00f6ld \u00ed. k<\/br><\/p>\n","protected":false},"excerpt":{"rendered":"<p>Fintah\u00e1za, 1909., \u2020\u00a0? : tan\u00edt\u00f3. \u2013 Feles\u00e9ge Hideg Irma okl. tan\u00edt\u00f3n\u0151 (1930\u2013). K\u00f6z\u00e9piskolai tanulm\u00e1nyait a mv.-i Ref. Koll.-ban, a tan\u00edt\u00f3k\u00e9pz\u0151t Nagyenyeden v\u00e9gezte (1929). Harasztkereken tan\u00edtott (1930\u2013). Irod.: Sz\u00e9kelyf\u00f6ld \u00ed. k<\/p>\n","protected":false},"featured_media":0,"comment_status":"open","ping_status":"closed","template":"","meta":[],"product_brand":[],"product_cat":[137],"product_tag":[],"class_list":{"0":"post-8483","1":"product","2":"type-product","3":"status-publish","5":"product_cat-maros-megyei-eletrajzi-lexikon","7":"first","8":"instock","9":"shipping-taxable","10":"product-type-simple"},"_links":{"self":[{"href":"https:\/\/uj.adatbank.ro\/lexikon\/wp-json\/wp\/v2\/product\/8483","targetHints":{"allow":["GET"]}}],"collection":[{"href":"https:\/\/uj.adatbank.ro\/lexikon\/wp-json\/wp\/v2\/product"}],"about":[{"href":"https:\/\/uj.adatbank.ro\/lexikon\/wp-json\/wp\/v2\/types\/product"}],"replies":[{"embeddable":true,"href":"https:\/\/uj.adatbank.ro\/lexikon\/wp-json\/wp\/v2\/comments?post=8483"}],"wp:attachment":[{"href":"https:\/\/uj.adatbank.ro\/lexikon\/wp-json\/wp\/v2\/media?parent=8483"}],"wp:term":[{"taxonomy":"product_brand","embeddable":true,"href":"https:\/\/uj.adatbank.ro\/lexikon\/wp-json\/wp\/v2\/product_brand?post=8483"},{"taxonomy":"product_cat","embeddable":true,"href":"https:\/\/uj.adatbank.ro\/lexikon\/wp-json\/wp\/v2\/product_cat?post=8483"},{"taxonomy":"product_tag","embeddable":true,"href":"https:\/\/uj.adatbank.ro\/lexikon\/wp-json\/wp\/v2\/product_tag?post=8483"}],"curies":[{"name":"wp","href":"https:\/\/api.w.org\/{rel}","templated":true}]}}