{"id":8485,"date":"2025-06-29T10:27:36","date_gmt":"2025-06-29T08:27:36","guid":{"rendered":"https:\/\/uj.adatbank.ro\/lexikon\/termek\/gagyi-janos\/"},"modified":"2025-06-29T10:27:36","modified_gmt":"2025-06-29T08:27:36","slug":"gagyi-janos","status":"publish","type":"product","link":"https:\/\/uj.adatbank.ro\/lexikon\/termek\/gagyi-janos\/","title":{"rendered":"GAGYI J\u00e1nos"},"content":{"rendered":"<p>K\u00f6rtv\u00e9lyf\u00e1ja, 1889., \u2020\u00a0? : gazd\u00e1lkod\u00f3. \u2013 A sz\u00fcl\u0151i h\u00e1zn\u00e1l tanult meg gazd\u00e1lkodni. Az els\u0151 vh.-ban a 22. gy. ezredben szolg\u00e1lt az orosz fronton harcolt, fogs\u00e1gba esett 3 \u00e9vi raboskod\u00e1s ut\u00e1n sz\u00f6kve menek\u00fclt meg, mint t\u00f6rzs\u0151rmester szerelt le. Kit\u00fcntet\u00e9sei\u00a0: I. \u00e9s II. o. ez\u00fcst vit. \u00e9. a bronz v. \u00e9rem \u00e9s a K\u00e1roly Csapatkereszt. Marosp\u00e9terlak\u00e1n bir\u00f3 (1940\u2013). <br \/><strong>Irod.:<\/strong> Sz\u00e9kelyf\u00f6ld \u00ed. k<\/br><\/p>\n","protected":false},"excerpt":{"rendered":"<p>K\u00f6rtv\u00e9lyf\u00e1ja, 1889., \u2020\u00a0? : gazd\u00e1lkod\u00f3. \u2013 A sz\u00fcl\u0151i h\u00e1zn\u00e1l tanult meg gazd\u00e1lkodni. Az els\u0151 vh.-ban a 22. gy. ezredben szolg\u00e1lt az orosz fronton harcolt, fogs\u00e1gba esett 3 \u00e9vi raboskod\u00e1s ut\u00e1n sz\u00f6kve menek\u00fclt meg, mint t\u00f6rzs\u0151rmester szerelt le. Kit\u00fcntet\u00e9sei\u00a0: I. \u00e9s II. o. ez\u00fcst vit. \u00e9. a bronz v. \u00e9rem \u00e9s a K\u00e1roly Csapatkereszt. Marosp\u00e9terlak\u00e1n bir\u00f3 [&hellip;]<\/p>\n","protected":false},"featured_media":0,"comment_status":"open","ping_status":"closed","template":"","meta":[],"product_brand":[],"product_cat":[137],"product_tag":[],"class_list":{"0":"post-8485","1":"product","2":"type-product","3":"status-publish","5":"product_cat-maros-megyei-eletrajzi-lexikon","7":"first","8":"instock","9":"shipping-taxable","10":"product-type-simple"},"_links":{"self":[{"href":"https:\/\/uj.adatbank.ro\/lexikon\/wp-json\/wp\/v2\/product\/8485","targetHints":{"allow":["GET"]}}],"collection":[{"href":"https:\/\/uj.adatbank.ro\/lexikon\/wp-json\/wp\/v2\/product"}],"about":[{"href":"https:\/\/uj.adatbank.ro\/lexikon\/wp-json\/wp\/v2\/types\/product"}],"replies":[{"embeddable":true,"href":"https:\/\/uj.adatbank.ro\/lexikon\/wp-json\/wp\/v2\/comments?post=8485"}],"wp:attachment":[{"href":"https:\/\/uj.adatbank.ro\/lexikon\/wp-json\/wp\/v2\/media?parent=8485"}],"wp:term":[{"taxonomy":"product_brand","embeddable":true,"href":"https:\/\/uj.adatbank.ro\/lexikon\/wp-json\/wp\/v2\/product_brand?post=8485"},{"taxonomy":"product_cat","embeddable":true,"href":"https:\/\/uj.adatbank.ro\/lexikon\/wp-json\/wp\/v2\/product_cat?post=8485"},{"taxonomy":"product_tag","embeddable":true,"href":"https:\/\/uj.adatbank.ro\/lexikon\/wp-json\/wp\/v2\/product_tag?post=8485"}],"curies":[{"name":"wp","href":"https:\/\/api.w.org\/{rel}","templated":true}]}}