{"id":8486,"date":"2025-06-29T10:27:38","date_gmt":"2025-06-29T08:27:38","guid":{"rendered":"https:\/\/uj.adatbank.ro\/lexikon\/termek\/gagyi-jozsef-%c2%a7\/"},"modified":"2025-06-29T10:27:38","modified_gmt":"2025-06-29T08:27:38","slug":"gagyi-jozsef-%c2%a7","status":"publish","type":"product","link":"https:\/\/uj.adatbank.ro\/lexikon\/termek\/gagyi-jozsef-%c2%a7\/","title":{"rendered":"GAGYI J\u00f3zsef, \u00a7"},"content":{"rendered":"<p>1920., \u2020 Mv., 2009. j\u00fan. 9.: agr\u00e1rm\u00e9rn\u00f6k. \u2013 A Mv.-i R\u00e1di\u00f3 mez\u0151gazdas\u00e1gi rovat\u00e1nak \u00e1lland\u00f3 munkat\u00e1rsa. <br \/><strong>Irod.:<\/strong> [Nekrol\u00f3g] (N\u00fa., 2009. j\u00fan. 11.)<\/br><\/p>\n","protected":false},"excerpt":{"rendered":"<p>1920., \u2020 Mv., 2009. j\u00fan. 9.: agr\u00e1rm\u00e9rn\u00f6k. \u2013 A Mv.-i R\u00e1di\u00f3 mez\u0151gazdas\u00e1gi rovat\u00e1nak \u00e1lland\u00f3 munkat\u00e1rsa. Irod.: [Nekrol\u00f3g] (N\u00fa., 2009. j\u00fan. 11.)<\/p>\n","protected":false},"featured_media":0,"comment_status":"open","ping_status":"closed","template":"","meta":[],"product_brand":[],"product_cat":[137],"product_tag":[],"class_list":{"0":"post-8486","1":"product","2":"type-product","3":"status-publish","5":"product_cat-maros-megyei-eletrajzi-lexikon","7":"first","8":"instock","9":"shipping-taxable","10":"product-type-simple"},"_links":{"self":[{"href":"https:\/\/uj.adatbank.ro\/lexikon\/wp-json\/wp\/v2\/product\/8486","targetHints":{"allow":["GET"]}}],"collection":[{"href":"https:\/\/uj.adatbank.ro\/lexikon\/wp-json\/wp\/v2\/product"}],"about":[{"href":"https:\/\/uj.adatbank.ro\/lexikon\/wp-json\/wp\/v2\/types\/product"}],"replies":[{"embeddable":true,"href":"https:\/\/uj.adatbank.ro\/lexikon\/wp-json\/wp\/v2\/comments?post=8486"}],"wp:attachment":[{"href":"https:\/\/uj.adatbank.ro\/lexikon\/wp-json\/wp\/v2\/media?parent=8486"}],"wp:term":[{"taxonomy":"product_brand","embeddable":true,"href":"https:\/\/uj.adatbank.ro\/lexikon\/wp-json\/wp\/v2\/product_brand?post=8486"},{"taxonomy":"product_cat","embeddable":true,"href":"https:\/\/uj.adatbank.ro\/lexikon\/wp-json\/wp\/v2\/product_cat?post=8486"},{"taxonomy":"product_tag","embeddable":true,"href":"https:\/\/uj.adatbank.ro\/lexikon\/wp-json\/wp\/v2\/product_tag?post=8486"}],"curies":[{"name":"wp","href":"https:\/\/api.w.org\/{rel}","templated":true}]}}