{"id":8489,"date":"2025-06-29T10:27:43","date_gmt":"2025-06-29T08:27:43","guid":{"rendered":"https:\/\/uj.adatbank.ro\/lexikon\/termek\/gainover-nicolaus\/"},"modified":"2025-06-29T10:27:43","modified_gmt":"2025-06-29T08:27:43","slug":"gainover-nicolaus","status":"publish","type":"product","link":"https:\/\/uj.adatbank.ro\/lexikon\/termek\/gainover-nicolaus\/","title":{"rendered":"GAINOVER Nicolaus"},"content":{"rendered":"<p>? \u2020\u00a0? : harang\u00f6nt\u0151. \u2013 S\u00f6v\u00e9nyfalva (1635), Gog\u00e1nv\u00e1ralja (1637) templomaiban \u00f6rzik harangjait. <br \/><strong>Irod.:<\/strong> Moln\u00e1r<\/br><\/p>\n","protected":false},"excerpt":{"rendered":"<p>? \u2020\u00a0? : harang\u00f6nt\u0151. \u2013 S\u00f6v\u00e9nyfalva (1635), Gog\u00e1nv\u00e1ralja (1637) templomaiban \u00f6rzik harangjait. Irod.: Moln\u00e1r<\/p>\n","protected":false},"featured_media":0,"comment_status":"open","ping_status":"closed","template":"","meta":[],"product_brand":[],"product_cat":[137],"product_tag":[],"class_list":{"0":"post-8489","1":"product","2":"type-product","3":"status-publish","5":"product_cat-maros-megyei-eletrajzi-lexikon","7":"first","8":"instock","9":"shipping-taxable","10":"product-type-simple"},"_links":{"self":[{"href":"https:\/\/uj.adatbank.ro\/lexikon\/wp-json\/wp\/v2\/product\/8489","targetHints":{"allow":["GET"]}}],"collection":[{"href":"https:\/\/uj.adatbank.ro\/lexikon\/wp-json\/wp\/v2\/product"}],"about":[{"href":"https:\/\/uj.adatbank.ro\/lexikon\/wp-json\/wp\/v2\/types\/product"}],"replies":[{"embeddable":true,"href":"https:\/\/uj.adatbank.ro\/lexikon\/wp-json\/wp\/v2\/comments?post=8489"}],"wp:attachment":[{"href":"https:\/\/uj.adatbank.ro\/lexikon\/wp-json\/wp\/v2\/media?parent=8489"}],"wp:term":[{"taxonomy":"product_brand","embeddable":true,"href":"https:\/\/uj.adatbank.ro\/lexikon\/wp-json\/wp\/v2\/product_brand?post=8489"},{"taxonomy":"product_cat","embeddable":true,"href":"https:\/\/uj.adatbank.ro\/lexikon\/wp-json\/wp\/v2\/product_cat?post=8489"},{"taxonomy":"product_tag","embeddable":true,"href":"https:\/\/uj.adatbank.ro\/lexikon\/wp-json\/wp\/v2\/product_tag?post=8489"}],"curies":[{"name":"wp","href":"https:\/\/api.w.org\/{rel}","templated":true}]}}