{"id":8491,"date":"2025-06-29T10:27:47","date_gmt":"2025-06-29T08:27:47","guid":{"rendered":"https:\/\/uj.adatbank.ro\/lexikon\/termek\/gajzago-kristof\/"},"modified":"2025-06-29T10:27:47","modified_gmt":"2025-06-29T08:27:47","slug":"gajzago-kristof","status":"publish","type":"product","link":"https:\/\/uj.adatbank.ro\/lexikon\/termek\/gajzago-kristof\/","title":{"rendered":"GAJZ\u00c1G\u00d3 Krist\u00f3f"},"content":{"rendered":"<p>1767. dec. 17., \u2020\u00a01855. aug. 24.: \u00f6rm\u00e9ny szerzetes. \u2013 Papp\u00e1 szentelt\u00e9k (1802. j\u00fan. 5.). Kerel\u0151szentm\u00e1rtonban gr. Hallern\u00e9l nevel\u0151. K\u00e1pl\u00e1n, pl\u00e9b\u00e1nos, esperes, ikolai fel\u00fcgyel\u0151 Szamos\u00fajv\u00e1ron (1830\u2013). <br \/><strong>Irod.:<\/strong> Ferenczi S\u00e1ndor 2009<\/br><\/p>\n","protected":false},"excerpt":{"rendered":"<p>1767. dec. 17., \u2020\u00a01855. aug. 24.: \u00f6rm\u00e9ny szerzetes. \u2013 Papp\u00e1 szentelt\u00e9k (1802. j\u00fan. 5.). Kerel\u0151szentm\u00e1rtonban gr. Hallern\u00e9l nevel\u0151. K\u00e1pl\u00e1n, pl\u00e9b\u00e1nos, esperes, ikolai fel\u00fcgyel\u0151 Szamos\u00fajv\u00e1ron (1830\u2013). Irod.: Ferenczi S\u00e1ndor 2009<\/p>\n","protected":false},"featured_media":0,"comment_status":"open","ping_status":"closed","template":"","meta":[],"product_brand":[],"product_cat":[137],"product_tag":[],"class_list":{"0":"post-8491","1":"product","2":"type-product","3":"status-publish","5":"product_cat-maros-megyei-eletrajzi-lexikon","7":"first","8":"instock","9":"shipping-taxable","10":"product-type-simple"},"_links":{"self":[{"href":"https:\/\/uj.adatbank.ro\/lexikon\/wp-json\/wp\/v2\/product\/8491","targetHints":{"allow":["GET"]}}],"collection":[{"href":"https:\/\/uj.adatbank.ro\/lexikon\/wp-json\/wp\/v2\/product"}],"about":[{"href":"https:\/\/uj.adatbank.ro\/lexikon\/wp-json\/wp\/v2\/types\/product"}],"replies":[{"embeddable":true,"href":"https:\/\/uj.adatbank.ro\/lexikon\/wp-json\/wp\/v2\/comments?post=8491"}],"wp:attachment":[{"href":"https:\/\/uj.adatbank.ro\/lexikon\/wp-json\/wp\/v2\/media?parent=8491"}],"wp:term":[{"taxonomy":"product_brand","embeddable":true,"href":"https:\/\/uj.adatbank.ro\/lexikon\/wp-json\/wp\/v2\/product_brand?post=8491"},{"taxonomy":"product_cat","embeddable":true,"href":"https:\/\/uj.adatbank.ro\/lexikon\/wp-json\/wp\/v2\/product_cat?post=8491"},{"taxonomy":"product_tag","embeddable":true,"href":"https:\/\/uj.adatbank.ro\/lexikon\/wp-json\/wp\/v2\/product_tag?post=8491"}],"curies":[{"name":"wp","href":"https:\/\/api.w.org\/{rel}","templated":true}]}}