{"id":8494,"date":"2025-06-29T10:27:55","date_gmt":"2025-06-29T08:27:55","guid":{"rendered":"https:\/\/uj.adatbank.ro\/lexikon\/termek\/gal-alajos\/"},"modified":"2025-06-29T10:27:55","modified_gmt":"2025-06-29T08:27:55","slug":"gal-alajos","status":"publish","type":"product","link":"https:\/\/uj.adatbank.ro\/lexikon\/termek\/gal-alajos\/","title":{"rendered":"G\u00c1L Alajos"},"content":{"rendered":"<p>? \u2020\u00a0? : r. k. pap, tan\u00e1r. \u2013 Sz\u00e9kelyv\u00e9ckei pl\u00e9b\u00e1nos (1970\u201377). Megsz\u00fcntette a temet\u0151 rendszertelen \u00e1llapot\u00e1t. Az egyh\u00e1zi zene megszeretett\u00e9s\u00e9re t\u00f6rekedett. Visszat\u00e9rt Gyulafeh\u00e9rv\u00e1rra, f\u0151esperess\u00e9 \u00e9s teol\u00f3giai tan\u00e1rr\u00e1 nevezt\u00e9k ki (1977\u2013). <br \/><strong>Irod.:<\/strong> Maros-k\u00fck\u00fcll\u0151i f\u0151esp.<\/br><\/p>\n","protected":false},"excerpt":{"rendered":"<p>? \u2020\u00a0? : r. k. pap, tan\u00e1r. \u2013 Sz\u00e9kelyv\u00e9ckei pl\u00e9b\u00e1nos (1970\u201377). Megsz\u00fcntette a temet\u0151 rendszertelen \u00e1llapot\u00e1t. Az egyh\u00e1zi zene megszeretett\u00e9s\u00e9re t\u00f6rekedett. Visszat\u00e9rt Gyulafeh\u00e9rv\u00e1rra, f\u0151esperess\u00e9 \u00e9s teol\u00f3giai tan\u00e1rr\u00e1 nevezt\u00e9k ki (1977\u2013). Irod.: Maros-k\u00fck\u00fcll\u0151i f\u0151esp.<\/p>\n","protected":false},"featured_media":0,"comment_status":"open","ping_status":"closed","template":"","meta":[],"product_brand":[],"product_cat":[137],"product_tag":[],"class_list":{"0":"post-8494","1":"product","2":"type-product","3":"status-publish","5":"product_cat-maros-megyei-eletrajzi-lexikon","7":"first","8":"instock","9":"shipping-taxable","10":"product-type-simple"},"_links":{"self":[{"href":"https:\/\/uj.adatbank.ro\/lexikon\/wp-json\/wp\/v2\/product\/8494","targetHints":{"allow":["GET"]}}],"collection":[{"href":"https:\/\/uj.adatbank.ro\/lexikon\/wp-json\/wp\/v2\/product"}],"about":[{"href":"https:\/\/uj.adatbank.ro\/lexikon\/wp-json\/wp\/v2\/types\/product"}],"replies":[{"embeddable":true,"href":"https:\/\/uj.adatbank.ro\/lexikon\/wp-json\/wp\/v2\/comments?post=8494"}],"wp:attachment":[{"href":"https:\/\/uj.adatbank.ro\/lexikon\/wp-json\/wp\/v2\/media?parent=8494"}],"wp:term":[{"taxonomy":"product_brand","embeddable":true,"href":"https:\/\/uj.adatbank.ro\/lexikon\/wp-json\/wp\/v2\/product_brand?post=8494"},{"taxonomy":"product_cat","embeddable":true,"href":"https:\/\/uj.adatbank.ro\/lexikon\/wp-json\/wp\/v2\/product_cat?post=8494"},{"taxonomy":"product_tag","embeddable":true,"href":"https:\/\/uj.adatbank.ro\/lexikon\/wp-json\/wp\/v2\/product_tag?post=8494"}],"curies":[{"name":"wp","href":"https:\/\/api.w.org\/{rel}","templated":true}]}}