{"id":8495,"date":"2025-06-29T10:27:57","date_gmt":"2025-06-29T08:27:57","guid":{"rendered":"https:\/\/uj.adatbank.ro\/lexikon\/termek\/gal-balazs-gal-literati-balazs-remetei\/"},"modified":"2025-06-29T10:27:57","modified_gmt":"2025-06-29T08:27:57","slug":"gal-balazs-gal-literati-balazs-remetei","status":"publish","type":"product","link":"https:\/\/uj.adatbank.ro\/lexikon\/termek\/gal-balazs-gal-literati-balazs-remetei\/","title":{"rendered":"G\u00c1L Bal\u00e1zs, G\u00e1l Literati Bal\u00e1zs, remetei"},"content":{"rendered":"<p>?\u00a0\u2020\u00a0? : \u00fcln\u00f6k (assessor). \u2013 \u00c9letrajzi adatai ismeretlenek, de a Literatus \u00e9s De\u00e1k jelz\u0151k alapj\u00e1n felt\u00e9telezhet\u0151, hogy iskol\u00e1zott, Kolozsmonostoron vagy az udvarhelyi jezsuita koll.-ban tanult, jogi k\u00e9pzetts\u00e9g\u0171 volt. Ny\u00e1r\u00e1dremete falu \u00fcgyeit is gyakran k\u00e9pviselte (1638 ut\u00e1n). Lehet tal\u00e1lkozni a nev\u00e9vel Marossz\u00e9k t\u00f6rv\u00e9nysz\u00e9ki irataiban (17. sz., 1670 ut\u00e1nig). <br \/><strong>Irod.:<\/strong> Ny\u00e1r\u00e1dremete; SzOkl, 6<\/br><\/p>\n","protected":false},"excerpt":{"rendered":"<p>?\u00a0\u2020\u00a0? : \u00fcln\u00f6k (assessor). \u2013 \u00c9letrajzi adatai ismeretlenek, de a Literatus \u00e9s De\u00e1k jelz\u0151k alapj\u00e1n felt\u00e9telezhet\u0151, hogy iskol\u00e1zott, Kolozsmonostoron vagy az udvarhelyi jezsuita koll.-ban tanult, jogi k\u00e9pzetts\u00e9g\u0171 volt. Ny\u00e1r\u00e1dremete falu \u00fcgyeit is gyakran k\u00e9pviselte (1638 ut\u00e1n). Lehet tal\u00e1lkozni a nev\u00e9vel Marossz\u00e9k t\u00f6rv\u00e9nysz\u00e9ki irataiban (17. sz., 1670 ut\u00e1nig). Irod.: Ny\u00e1r\u00e1dremete; SzOkl, 6<\/p>\n","protected":false},"featured_media":0,"comment_status":"open","ping_status":"closed","template":"","meta":[],"product_brand":[],"product_cat":[137],"product_tag":[],"class_list":{"0":"post-8495","1":"product","2":"type-product","3":"status-publish","5":"product_cat-maros-megyei-eletrajzi-lexikon","7":"first","8":"instock","9":"shipping-taxable","10":"product-type-simple"},"_links":{"self":[{"href":"https:\/\/uj.adatbank.ro\/lexikon\/wp-json\/wp\/v2\/product\/8495","targetHints":{"allow":["GET"]}}],"collection":[{"href":"https:\/\/uj.adatbank.ro\/lexikon\/wp-json\/wp\/v2\/product"}],"about":[{"href":"https:\/\/uj.adatbank.ro\/lexikon\/wp-json\/wp\/v2\/types\/product"}],"replies":[{"embeddable":true,"href":"https:\/\/uj.adatbank.ro\/lexikon\/wp-json\/wp\/v2\/comments?post=8495"}],"wp:attachment":[{"href":"https:\/\/uj.adatbank.ro\/lexikon\/wp-json\/wp\/v2\/media?parent=8495"}],"wp:term":[{"taxonomy":"product_brand","embeddable":true,"href":"https:\/\/uj.adatbank.ro\/lexikon\/wp-json\/wp\/v2\/product_brand?post=8495"},{"taxonomy":"product_cat","embeddable":true,"href":"https:\/\/uj.adatbank.ro\/lexikon\/wp-json\/wp\/v2\/product_cat?post=8495"},{"taxonomy":"product_tag","embeddable":true,"href":"https:\/\/uj.adatbank.ro\/lexikon\/wp-json\/wp\/v2\/product_tag?post=8495"}],"curies":[{"name":"wp","href":"https:\/\/api.w.org\/{rel}","templated":true}]}}