{"id":8502,"date":"2025-06-29T10:28:10","date_gmt":"2025-06-29T08:28:10","guid":{"rendered":"https:\/\/uj.adatbank.ro\/lexikon\/termek\/gal-erzsebet-%c2%a7-gall-erzsebet\/"},"modified":"2025-06-29T10:28:10","modified_gmt":"2025-06-29T08:28:10","slug":"gal-erzsebet-%c2%a7-gall-erzsebet","status":"publish","type":"product","link":"https:\/\/uj.adatbank.ro\/lexikon\/termek\/gal-erzsebet-%c2%a7-gall-erzsebet\/","title":{"rendered":"G\u00c1L Erzs\u00e9bet, \u00a7 G\u00e1ll Erzs\u00e9bet"},"content":{"rendered":"<p>? \u2020\u00a0?: orvos, tud. kutat\u00f3. \u2013Kisg\u00f6rg\u00e9nyben \u00e9lt. <strong>F. m.:<\/strong> La Fayettegr\u00f3fn\u00e9 \u00e9lete \u00e9s irodalmi m\u0171k\u00f6d\u00e9se (Dics\u0151szentm\u00e1rton, 1908). <br \/><strong>Irod.:<\/strong> F\u00fcl\u00f6p\u2013Ferencz; Kisg\u00f6rg\u00e9ny<\/br><\/p>\n","protected":false},"excerpt":{"rendered":"<p>? \u2020\u00a0?: orvos, tud. kutat\u00f3. \u2013Kisg\u00f6rg\u00e9nyben \u00e9lt. F. m.: La Fayettegr\u00f3fn\u00e9 \u00e9lete \u00e9s irodalmi m\u0171k\u00f6d\u00e9se (Dics\u0151szentm\u00e1rton, 1908). Irod.: F\u00fcl\u00f6p\u2013Ferencz; Kisg\u00f6rg\u00e9ny<\/p>\n","protected":false},"featured_media":0,"comment_status":"open","ping_status":"closed","template":"","meta":[],"product_brand":[],"product_cat":[137],"product_tag":[],"class_list":{"0":"post-8502","1":"product","2":"type-product","3":"status-publish","5":"product_cat-maros-megyei-eletrajzi-lexikon","7":"first","8":"instock","9":"shipping-taxable","10":"product-type-simple"},"_links":{"self":[{"href":"https:\/\/uj.adatbank.ro\/lexikon\/wp-json\/wp\/v2\/product\/8502","targetHints":{"allow":["GET"]}}],"collection":[{"href":"https:\/\/uj.adatbank.ro\/lexikon\/wp-json\/wp\/v2\/product"}],"about":[{"href":"https:\/\/uj.adatbank.ro\/lexikon\/wp-json\/wp\/v2\/types\/product"}],"replies":[{"embeddable":true,"href":"https:\/\/uj.adatbank.ro\/lexikon\/wp-json\/wp\/v2\/comments?post=8502"}],"wp:attachment":[{"href":"https:\/\/uj.adatbank.ro\/lexikon\/wp-json\/wp\/v2\/media?parent=8502"}],"wp:term":[{"taxonomy":"product_brand","embeddable":true,"href":"https:\/\/uj.adatbank.ro\/lexikon\/wp-json\/wp\/v2\/product_brand?post=8502"},{"taxonomy":"product_cat","embeddable":true,"href":"https:\/\/uj.adatbank.ro\/lexikon\/wp-json\/wp\/v2\/product_cat?post=8502"},{"taxonomy":"product_tag","embeddable":true,"href":"https:\/\/uj.adatbank.ro\/lexikon\/wp-json\/wp\/v2\/product_tag?post=8502"}],"curies":[{"name":"wp","href":"https:\/\/api.w.org\/{rel}","templated":true}]}}