{"id":8503,"date":"2025-06-29T10:28:15","date_gmt":"2025-06-29T08:28:15","guid":{"rendered":"https:\/\/uj.adatbank.ro\/lexikon\/termek\/gal-ferenc\/"},"modified":"2025-06-29T10:28:15","modified_gmt":"2025-06-29T08:28:15","slug":"gal-ferenc","status":"publish","type":"product","link":"https:\/\/uj.adatbank.ro\/lexikon\/termek\/gal-ferenc\/","title":{"rendered":"G\u00c1L Ferenc"},"content":{"rendered":"<p>\u00c1kosfalva, 1920. szept. 21. \u2020\u00a0Kijev, 1943. febr. 16.: tizedes. \u2013 Kiss Anna fia. \u2013 A 27\/ 2. k\u00f6nny\u0171 \u00e1gyus \u00fcteg c\u00edmzetes tizedese. Ki\u00fct\u00e9ses t\u00edfusz miatt Kijev V\/2. t\u00e1bori k\u00f3rh\u00e1z betege. Eltemetve a kievi katonai temet\u0151ben. <br \/><strong>Irod.:<\/strong> Berekm\u00e9ri 2015<\/br><\/p>\n","protected":false},"excerpt":{"rendered":"<p>\u00c1kosfalva, 1920. szept. 21. \u2020\u00a0Kijev, 1943. febr. 16.: tizedes. \u2013 Kiss Anna fia. \u2013 A 27\/ 2. k\u00f6nny\u0171 \u00e1gyus \u00fcteg c\u00edmzetes tizedese. Ki\u00fct\u00e9ses t\u00edfusz miatt Kijev V\/2. t\u00e1bori k\u00f3rh\u00e1z betege. Eltemetve a kievi katonai temet\u0151ben. Irod.: Berekm\u00e9ri 2015<\/p>\n","protected":false},"featured_media":0,"comment_status":"open","ping_status":"closed","template":"","meta":[],"product_brand":[],"product_cat":[137],"product_tag":[],"class_list":{"0":"post-8503","1":"product","2":"type-product","3":"status-publish","5":"product_cat-maros-megyei-eletrajzi-lexikon","7":"first","8":"instock","9":"shipping-taxable","10":"product-type-simple"},"_links":{"self":[{"href":"https:\/\/uj.adatbank.ro\/lexikon\/wp-json\/wp\/v2\/product\/8503","targetHints":{"allow":["GET"]}}],"collection":[{"href":"https:\/\/uj.adatbank.ro\/lexikon\/wp-json\/wp\/v2\/product"}],"about":[{"href":"https:\/\/uj.adatbank.ro\/lexikon\/wp-json\/wp\/v2\/types\/product"}],"replies":[{"embeddable":true,"href":"https:\/\/uj.adatbank.ro\/lexikon\/wp-json\/wp\/v2\/comments?post=8503"}],"wp:attachment":[{"href":"https:\/\/uj.adatbank.ro\/lexikon\/wp-json\/wp\/v2\/media?parent=8503"}],"wp:term":[{"taxonomy":"product_brand","embeddable":true,"href":"https:\/\/uj.adatbank.ro\/lexikon\/wp-json\/wp\/v2\/product_brand?post=8503"},{"taxonomy":"product_cat","embeddable":true,"href":"https:\/\/uj.adatbank.ro\/lexikon\/wp-json\/wp\/v2\/product_cat?post=8503"},{"taxonomy":"product_tag","embeddable":true,"href":"https:\/\/uj.adatbank.ro\/lexikon\/wp-json\/wp\/v2\/product_tag?post=8503"}],"curies":[{"name":"wp","href":"https:\/\/api.w.org\/{rel}","templated":true}]}}