{"id":8508,"date":"2025-06-29T10:28:23","date_gmt":"2025-06-29T08:28:23","guid":{"rendered":"https:\/\/uj.adatbank.ro\/lexikon\/termek\/gal-istvan\/"},"modified":"2025-06-29T10:28:23","modified_gmt":"2025-06-29T08:28:23","slug":"gal-istvan","status":"publish","type":"product","link":"https:\/\/uj.adatbank.ro\/lexikon\/termek\/gal-istvan\/","title":{"rendered":"G\u00c1L Istv\u00e1n"},"content":{"rendered":"<p>? \u2020\u00a0? : nemes. \u2013 G\u00e1l M\u00e1rtonnal, mint szabad sz\u00e9kelyek mustr\u00e1ltak (1614), \u00e9s Brandenburgi Katalint\u00f3l nyertek nemeslevelt (1630). Marossz\u00e9kben k\u00f6z\u00fcl\u00f6k Benedek \u00e9s Dienes rectif. biztosok (1848). <br \/><strong>Irod.:<\/strong> Nagy Iv\u00e1n; P\u00e1lmay<\/br><\/p>\n","protected":false},"excerpt":{"rendered":"<p>? \u2020\u00a0? : nemes. \u2013 G\u00e1l M\u00e1rtonnal, mint szabad sz\u00e9kelyek mustr\u00e1ltak (1614), \u00e9s Brandenburgi Katalint\u00f3l nyertek nemeslevelt (1630). Marossz\u00e9kben k\u00f6z\u00fcl\u00f6k Benedek \u00e9s Dienes rectif. biztosok (1848). Irod.: Nagy Iv\u00e1n; P\u00e1lmay<\/p>\n","protected":false},"featured_media":0,"comment_status":"open","ping_status":"closed","template":"","meta":[],"product_brand":[],"product_cat":[137],"product_tag":[],"class_list":{"0":"post-8508","1":"product","2":"type-product","3":"status-publish","5":"product_cat-maros-megyei-eletrajzi-lexikon","7":"first","8":"instock","9":"shipping-taxable","10":"product-type-simple"},"_links":{"self":[{"href":"https:\/\/uj.adatbank.ro\/lexikon\/wp-json\/wp\/v2\/product\/8508","targetHints":{"allow":["GET"]}}],"collection":[{"href":"https:\/\/uj.adatbank.ro\/lexikon\/wp-json\/wp\/v2\/product"}],"about":[{"href":"https:\/\/uj.adatbank.ro\/lexikon\/wp-json\/wp\/v2\/types\/product"}],"replies":[{"embeddable":true,"href":"https:\/\/uj.adatbank.ro\/lexikon\/wp-json\/wp\/v2\/comments?post=8508"}],"wp:attachment":[{"href":"https:\/\/uj.adatbank.ro\/lexikon\/wp-json\/wp\/v2\/media?parent=8508"}],"wp:term":[{"taxonomy":"product_brand","embeddable":true,"href":"https:\/\/uj.adatbank.ro\/lexikon\/wp-json\/wp\/v2\/product_brand?post=8508"},{"taxonomy":"product_cat","embeddable":true,"href":"https:\/\/uj.adatbank.ro\/lexikon\/wp-json\/wp\/v2\/product_cat?post=8508"},{"taxonomy":"product_tag","embeddable":true,"href":"https:\/\/uj.adatbank.ro\/lexikon\/wp-json\/wp\/v2\/product_tag?post=8508"}],"curies":[{"name":"wp","href":"https:\/\/api.w.org\/{rel}","templated":true}]}}