{"id":8510,"date":"2025-06-29T10:28:27","date_gmt":"2025-06-29T08:28:27","guid":{"rendered":"https:\/\/uj.adatbank.ro\/lexikon\/termek\/gal-janos-hilibi-gaal-janos\/"},"modified":"2025-06-29T10:28:27","modified_gmt":"2025-06-29T08:28:27","slug":"gal-janos-hilibi-gaal-janos","status":"publish","type":"product","link":"https:\/\/uj.adatbank.ro\/lexikon\/termek\/gal-janos-hilibi-gaal-janos\/","title":{"rendered":"G\u00c1L J\u00e1nos, hilibi, Ga\u00e1l J\u00e1nos"},"content":{"rendered":"<p>1734., \u2020\u00a01804. nov. 26., : f\u0151korm\u00e1nysz\u00e9ki tan\u00e1csos. \u2013 H\u00edres t\u00f6rv\u00e9nytud\u00f3 volt. <br \/><strong>Irod.:<\/strong> K\u0151v\u00e1ry<\/br><\/p>\n","protected":false},"excerpt":{"rendered":"<p>1734., \u2020\u00a01804. nov. 26., : f\u0151korm\u00e1nysz\u00e9ki tan\u00e1csos. \u2013 H\u00edres t\u00f6rv\u00e9nytud\u00f3 volt. Irod.: K\u0151v\u00e1ry<\/p>\n","protected":false},"featured_media":0,"comment_status":"open","ping_status":"closed","template":"","meta":[],"product_brand":[],"product_cat":[137],"product_tag":[],"class_list":{"0":"post-8510","1":"product","2":"type-product","3":"status-publish","5":"product_cat-maros-megyei-eletrajzi-lexikon","7":"first","8":"instock","9":"shipping-taxable","10":"product-type-simple"},"_links":{"self":[{"href":"https:\/\/uj.adatbank.ro\/lexikon\/wp-json\/wp\/v2\/product\/8510","targetHints":{"allow":["GET"]}}],"collection":[{"href":"https:\/\/uj.adatbank.ro\/lexikon\/wp-json\/wp\/v2\/product"}],"about":[{"href":"https:\/\/uj.adatbank.ro\/lexikon\/wp-json\/wp\/v2\/types\/product"}],"replies":[{"embeddable":true,"href":"https:\/\/uj.adatbank.ro\/lexikon\/wp-json\/wp\/v2\/comments?post=8510"}],"wp:attachment":[{"href":"https:\/\/uj.adatbank.ro\/lexikon\/wp-json\/wp\/v2\/media?parent=8510"}],"wp:term":[{"taxonomy":"product_brand","embeddable":true,"href":"https:\/\/uj.adatbank.ro\/lexikon\/wp-json\/wp\/v2\/product_brand?post=8510"},{"taxonomy":"product_cat","embeddable":true,"href":"https:\/\/uj.adatbank.ro\/lexikon\/wp-json\/wp\/v2\/product_cat?post=8510"},{"taxonomy":"product_tag","embeddable":true,"href":"https:\/\/uj.adatbank.ro\/lexikon\/wp-json\/wp\/v2\/product_tag?post=8510"}],"curies":[{"name":"wp","href":"https:\/\/api.w.org\/{rel}","templated":true}]}}