{"id":8514,"date":"2025-06-29T10:28:33","date_gmt":"2025-06-29T08:28:33","guid":{"rendered":"https:\/\/uj.adatbank.ro\/lexikon\/termek\/gal-janos-szentgericei\/"},"modified":"2025-06-29T10:28:33","modified_gmt":"2025-06-29T08:28:33","slug":"gal-janos-szentgericei","status":"publish","type":"product","link":"https:\/\/uj.adatbank.ro\/lexikon\/termek\/gal-janos-szentgericei\/","title":{"rendered":"G\u00c1L J\u00e1nos, szentgericei"},"content":{"rendered":"<p>? \u2020\u00a0? : primipilus. \u2013 A cs. \u00e9s kir. h\u0171s\u00e9gre esk\u00fcd\u00f6tt (1602), primipilusk\u00e9nt lustr\u00e1lt. &#8211;<br \/><strong>Irod.:<\/strong> Nagy Iv\u00e1n; P\u00e1lmay<\/br><\/p>\n","protected":false},"excerpt":{"rendered":"<p>? \u2020\u00a0? : primipilus. \u2013 A cs. \u00e9s kir. h\u0171s\u00e9gre esk\u00fcd\u00f6tt (1602), primipilusk\u00e9nt lustr\u00e1lt. &#8211;Irod.: Nagy Iv\u00e1n; P\u00e1lmay<\/p>\n","protected":false},"featured_media":0,"comment_status":"open","ping_status":"closed","template":"","meta":[],"product_brand":[],"product_cat":[137],"product_tag":[],"class_list":{"0":"post-8514","1":"product","2":"type-product","3":"status-publish","5":"product_cat-maros-megyei-eletrajzi-lexikon","7":"first","8":"instock","9":"shipping-taxable","10":"product-type-simple"},"_links":{"self":[{"href":"https:\/\/uj.adatbank.ro\/lexikon\/wp-json\/wp\/v2\/product\/8514","targetHints":{"allow":["GET"]}}],"collection":[{"href":"https:\/\/uj.adatbank.ro\/lexikon\/wp-json\/wp\/v2\/product"}],"about":[{"href":"https:\/\/uj.adatbank.ro\/lexikon\/wp-json\/wp\/v2\/types\/product"}],"replies":[{"embeddable":true,"href":"https:\/\/uj.adatbank.ro\/lexikon\/wp-json\/wp\/v2\/comments?post=8514"}],"wp:attachment":[{"href":"https:\/\/uj.adatbank.ro\/lexikon\/wp-json\/wp\/v2\/media?parent=8514"}],"wp:term":[{"taxonomy":"product_brand","embeddable":true,"href":"https:\/\/uj.adatbank.ro\/lexikon\/wp-json\/wp\/v2\/product_brand?post=8514"},{"taxonomy":"product_cat","embeddable":true,"href":"https:\/\/uj.adatbank.ro\/lexikon\/wp-json\/wp\/v2\/product_cat?post=8514"},{"taxonomy":"product_tag","embeddable":true,"href":"https:\/\/uj.adatbank.ro\/lexikon\/wp-json\/wp\/v2\/product_tag?post=8514"}],"curies":[{"name":"wp","href":"https:\/\/api.w.org\/{rel}","templated":true}]}}