{"id":8515,"date":"2025-06-29T10:28:37","date_gmt":"2025-06-29T08:28:37","guid":{"rendered":"https:\/\/uj.adatbank.ro\/lexikon\/termek\/gal-jeno\/"},"modified":"2025-06-29T10:28:37","modified_gmt":"2025-06-29T08:28:37","slug":"gal-jeno","status":"publish","type":"product","link":"https:\/\/uj.adatbank.ro\/lexikon\/termek\/gal-jeno\/","title":{"rendered":"G\u00c1L Jen\u0151"},"content":{"rendered":"<p>? \u2020 Galicia, 1915. j\u00fal. 20.: tan\u00e1r, sportol\u00f3. \u2013 A Mv.-i Ker\u00e9kp\u00e1roz\u00f3k Egyes\u00fclet\u00e9nek egyik alap\u00edt\u00f3ja (1898), ker\u00e9kp\u00e1rversenyek r\u00e9sztvev\u0151je \u00e9s gy\u0151ztese (1901). <br \/><strong>Irod.:<\/strong> Gy\u00e1szjelent.; Illy\u00e9s; Kl\u00f3sz \u2013 Tolok\u00e1n<\/br><\/p>\n","protected":false},"excerpt":{"rendered":"<p>? \u2020 Galicia, 1915. j\u00fal. 20.: tan\u00e1r, sportol\u00f3. \u2013 A Mv.-i Ker\u00e9kp\u00e1roz\u00f3k Egyes\u00fclet\u00e9nek egyik alap\u00edt\u00f3ja (1898), ker\u00e9kp\u00e1rversenyek r\u00e9sztvev\u0151je \u00e9s gy\u0151ztese (1901). Irod.: Gy\u00e1szjelent.; Illy\u00e9s; Kl\u00f3sz \u2013 Tolok\u00e1n<\/p>\n","protected":false},"featured_media":0,"comment_status":"open","ping_status":"closed","template":"","meta":[],"product_brand":[],"product_cat":[137],"product_tag":[],"class_list":{"0":"post-8515","1":"product","2":"type-product","3":"status-publish","5":"product_cat-maros-megyei-eletrajzi-lexikon","7":"first","8":"instock","9":"shipping-taxable","10":"product-type-simple"},"_links":{"self":[{"href":"https:\/\/uj.adatbank.ro\/lexikon\/wp-json\/wp\/v2\/product\/8515","targetHints":{"allow":["GET"]}}],"collection":[{"href":"https:\/\/uj.adatbank.ro\/lexikon\/wp-json\/wp\/v2\/product"}],"about":[{"href":"https:\/\/uj.adatbank.ro\/lexikon\/wp-json\/wp\/v2\/types\/product"}],"replies":[{"embeddable":true,"href":"https:\/\/uj.adatbank.ro\/lexikon\/wp-json\/wp\/v2\/comments?post=8515"}],"wp:attachment":[{"href":"https:\/\/uj.adatbank.ro\/lexikon\/wp-json\/wp\/v2\/media?parent=8515"}],"wp:term":[{"taxonomy":"product_brand","embeddable":true,"href":"https:\/\/uj.adatbank.ro\/lexikon\/wp-json\/wp\/v2\/product_brand?post=8515"},{"taxonomy":"product_cat","embeddable":true,"href":"https:\/\/uj.adatbank.ro\/lexikon\/wp-json\/wp\/v2\/product_cat?post=8515"},{"taxonomy":"product_tag","embeddable":true,"href":"https:\/\/uj.adatbank.ro\/lexikon\/wp-json\/wp\/v2\/product_tag?post=8515"}],"curies":[{"name":"wp","href":"https:\/\/api.w.org\/{rel}","templated":true}]}}