{"id":8516,"date":"2025-06-29T10:28:38","date_gmt":"2025-06-29T08:28:38","guid":{"rendered":"https:\/\/uj.adatbank.ro\/lexikon\/termek\/gal-jozsef-hilibi\/"},"modified":"2025-06-29T10:28:38","modified_gmt":"2025-06-29T08:28:38","slug":"gal-jozsef-hilibi","status":"publish","type":"product","link":"https:\/\/uj.adatbank.ro\/lexikon\/termek\/gal-jozsef-hilibi\/","title":{"rendered":"G\u00c1L J\u00f3zsef, hilibi"},"content":{"rendered":"<p>1748. m\u00e1j. 26., \u2020\u00a01800. \u00e1pr. 2. : kir. t\u00e1bl. \u00fcln\u00f6k. A mv.-i Keresztel\u0151 Szent J\u00e1nos-pl\u00e9b\u00e1nia kript\u00e1j\u00e1ba temett\u00e9k. \u2013 Feles\u00e9ge: 1. br. B\u00e1lint Ter\u00e9z, 2. Kelemen \u00c1gnes. \u2013 Fiscalis director, a kir. t\u00e1blab\u00edr\u00f3s\u00e1g \u00fcln\u00f6ke. Csejden voltak birtokai \u00e9s jobb\u00e1gyai, az \u00farb\u00e9ri \u00f6ssze\u00edr\u00e1skor (1785). <br \/><strong>Irod.:<\/strong> Csejd-T\u00f3falva; K\u0151v\u00e1ry; Mv.-i \u00f6rm\u00e9nyek; <\/br><\/p>\n","protected":false},"excerpt":{"rendered":"<p>1748. m\u00e1j. 26., \u2020\u00a01800. \u00e1pr. 2. : kir. t\u00e1bl. \u00fcln\u00f6k. A mv.-i Keresztel\u0151 Szent J\u00e1nos-pl\u00e9b\u00e1nia kript\u00e1j\u00e1ba temett\u00e9k. \u2013 Feles\u00e9ge: 1. br. B\u00e1lint Ter\u00e9z, 2. Kelemen \u00c1gnes. \u2013 Fiscalis director, a kir. t\u00e1blab\u00edr\u00f3s\u00e1g \u00fcln\u00f6ke. Csejden voltak birtokai \u00e9s jobb\u00e1gyai, az \u00farb\u00e9ri \u00f6ssze\u00edr\u00e1skor (1785). Irod.: Csejd-T\u00f3falva; K\u0151v\u00e1ry; Mv.-i \u00f6rm\u00e9nyek;<\/p>\n","protected":false},"featured_media":0,"comment_status":"open","ping_status":"closed","template":"","meta":[],"product_brand":[],"product_cat":[137],"product_tag":[],"class_list":{"0":"post-8516","1":"product","2":"type-product","3":"status-publish","5":"product_cat-maros-megyei-eletrajzi-lexikon","7":"first","8":"instock","9":"shipping-taxable","10":"product-type-simple"},"_links":{"self":[{"href":"https:\/\/uj.adatbank.ro\/lexikon\/wp-json\/wp\/v2\/product\/8516","targetHints":{"allow":["GET"]}}],"collection":[{"href":"https:\/\/uj.adatbank.ro\/lexikon\/wp-json\/wp\/v2\/product"}],"about":[{"href":"https:\/\/uj.adatbank.ro\/lexikon\/wp-json\/wp\/v2\/types\/product"}],"replies":[{"embeddable":true,"href":"https:\/\/uj.adatbank.ro\/lexikon\/wp-json\/wp\/v2\/comments?post=8516"}],"wp:attachment":[{"href":"https:\/\/uj.adatbank.ro\/lexikon\/wp-json\/wp\/v2\/media?parent=8516"}],"wp:term":[{"taxonomy":"product_brand","embeddable":true,"href":"https:\/\/uj.adatbank.ro\/lexikon\/wp-json\/wp\/v2\/product_brand?post=8516"},{"taxonomy":"product_cat","embeddable":true,"href":"https:\/\/uj.adatbank.ro\/lexikon\/wp-json\/wp\/v2\/product_cat?post=8516"},{"taxonomy":"product_tag","embeddable":true,"href":"https:\/\/uj.adatbank.ro\/lexikon\/wp-json\/wp\/v2\/product_tag?post=8516"}],"curies":[{"name":"wp","href":"https:\/\/api.w.org\/{rel}","templated":true}]}}