{"id":8522,"date":"2025-06-29T10:28:48","date_gmt":"2025-06-29T08:28:48","guid":{"rendered":"https:\/\/uj.adatbank.ro\/lexikon\/termek\/gal-lajos-3\/"},"modified":"2025-06-29T10:28:48","modified_gmt":"2025-06-29T08:28:48","slug":"gal-lajos-3","status":"publish","type":"product","link":"https:\/\/uj.adatbank.ro\/lexikon\/termek\/gal-lajos-3\/","title":{"rendered":"G\u00c1L Lajos"},"content":{"rendered":"<p>Mikh\u00e1za, 1889. aug. 11., \u2020\u00a0Mikh\u00e1za, 1968. febr. 18.: gazd\u00e1lkod\u00f3. \u2013 Letart\u00f3ztatt\u00e1k (1961. febr. 24.) azzal a v\u00e1ddal, hogy verseket \u00edrt, s azokat a rendszerrel szemben ellens\u00e9ges elemek k\u00f6z\u00f6tt terjesztette. A magyaro.-i forradalommal rokonszenvez\u0151 kijelent\u00e9seket tett (1956). A kv.-i Katonai T\u00f6rv\u00e9nysz\u00e9k 7 \u00e9vre \u00edt\u00e9lte. A szamos\u00fajv\u00e1ri \u00e9s nagyenyedi b\u00f6rt\u00f6nben t\u00f6lt\u00f6tte b\u00fcntet\u00e9s\u00e9t (szabadult: 1964). <br \/><strong>Irod.:<\/strong> 1956 Erd\u00e9lyben<\/br><\/p>\n","protected":false},"excerpt":{"rendered":"<p>Mikh\u00e1za, 1889. aug. 11., \u2020\u00a0Mikh\u00e1za, 1968. febr. 18.: gazd\u00e1lkod\u00f3. \u2013 Letart\u00f3ztatt\u00e1k (1961. febr. 24.) azzal a v\u00e1ddal, hogy verseket \u00edrt, s azokat a rendszerrel szemben ellens\u00e9ges elemek k\u00f6z\u00f6tt terjesztette. A magyaro.-i forradalommal rokonszenvez\u0151 kijelent\u00e9seket tett (1956). A kv.-i Katonai T\u00f6rv\u00e9nysz\u00e9k 7 \u00e9vre \u00edt\u00e9lte. A szamos\u00fajv\u00e1ri \u00e9s nagyenyedi b\u00f6rt\u00f6nben t\u00f6lt\u00f6tte b\u00fcntet\u00e9s\u00e9t (szabadult: 1964). Irod.: 1956 Erd\u00e9lyben<\/p>\n","protected":false},"featured_media":0,"comment_status":"open","ping_status":"closed","template":"","meta":[],"product_brand":[],"product_cat":[137],"product_tag":[],"class_list":{"0":"post-8522","1":"product","2":"type-product","3":"status-publish","5":"product_cat-maros-megyei-eletrajzi-lexikon","7":"first","8":"instock","9":"shipping-taxable","10":"product-type-simple"},"_links":{"self":[{"href":"https:\/\/uj.adatbank.ro\/lexikon\/wp-json\/wp\/v2\/product\/8522","targetHints":{"allow":["GET"]}}],"collection":[{"href":"https:\/\/uj.adatbank.ro\/lexikon\/wp-json\/wp\/v2\/product"}],"about":[{"href":"https:\/\/uj.adatbank.ro\/lexikon\/wp-json\/wp\/v2\/types\/product"}],"replies":[{"embeddable":true,"href":"https:\/\/uj.adatbank.ro\/lexikon\/wp-json\/wp\/v2\/comments?post=8522"}],"wp:attachment":[{"href":"https:\/\/uj.adatbank.ro\/lexikon\/wp-json\/wp\/v2\/media?parent=8522"}],"wp:term":[{"taxonomy":"product_brand","embeddable":true,"href":"https:\/\/uj.adatbank.ro\/lexikon\/wp-json\/wp\/v2\/product_brand?post=8522"},{"taxonomy":"product_cat","embeddable":true,"href":"https:\/\/uj.adatbank.ro\/lexikon\/wp-json\/wp\/v2\/product_cat?post=8522"},{"taxonomy":"product_tag","embeddable":true,"href":"https:\/\/uj.adatbank.ro\/lexikon\/wp-json\/wp\/v2\/product_tag?post=8522"}],"curies":[{"name":"wp","href":"https:\/\/api.w.org\/{rel}","templated":true}]}}