{"id":8525,"date":"2025-06-29T10:28:53","date_gmt":"2025-06-29T08:28:53","guid":{"rendered":"https:\/\/uj.adatbank.ro\/lexikon\/termek\/gal-marian-samu-p\/"},"modified":"2025-06-29T10:28:53","modified_gmt":"2025-06-29T08:28:53","slug":"gal-marian-samu-p","status":"publish","type":"product","link":"https:\/\/uj.adatbank.ro\/lexikon\/termek\/gal-marian-samu-p\/","title":{"rendered":"G\u00c1L M\u00e1ri\u00e1n Samu, P."},"content":{"rendered":"<p>Cs\u00edkszentm\u00e1rton, 1734., \u2020\u00a0G\u00f6rg\u00e9ny, 1804. \u00e1pr. 11.: ferences szerzetes. \u2013 Be\u00f6lt\u00f6z\u00f6tt (1755. okt. 18.), felszentelt\u00e9k (1761. aug. 27.). G\u00f6rg\u00e9nyben mint udvari k\u00e1pl\u00e1n halt meg. <br \/><strong>Irod.:<\/strong> Gy\u00f6rgy: A ferencrendiek<\/br><\/p>\n","protected":false},"excerpt":{"rendered":"<p>Cs\u00edkszentm\u00e1rton, 1734., \u2020\u00a0G\u00f6rg\u00e9ny, 1804. \u00e1pr. 11.: ferences szerzetes. \u2013 Be\u00f6lt\u00f6z\u00f6tt (1755. okt. 18.), felszentelt\u00e9k (1761. aug. 27.). G\u00f6rg\u00e9nyben mint udvari k\u00e1pl\u00e1n halt meg. Irod.: Gy\u00f6rgy: A ferencrendiek<\/p>\n","protected":false},"featured_media":0,"comment_status":"open","ping_status":"closed","template":"","meta":[],"product_brand":[],"product_cat":[137],"product_tag":[],"class_list":{"0":"post-8525","1":"product","2":"type-product","3":"status-publish","5":"product_cat-maros-megyei-eletrajzi-lexikon","7":"first","8":"instock","9":"shipping-taxable","10":"product-type-simple"},"_links":{"self":[{"href":"https:\/\/uj.adatbank.ro\/lexikon\/wp-json\/wp\/v2\/product\/8525","targetHints":{"allow":["GET"]}}],"collection":[{"href":"https:\/\/uj.adatbank.ro\/lexikon\/wp-json\/wp\/v2\/product"}],"about":[{"href":"https:\/\/uj.adatbank.ro\/lexikon\/wp-json\/wp\/v2\/types\/product"}],"replies":[{"embeddable":true,"href":"https:\/\/uj.adatbank.ro\/lexikon\/wp-json\/wp\/v2\/comments?post=8525"}],"wp:attachment":[{"href":"https:\/\/uj.adatbank.ro\/lexikon\/wp-json\/wp\/v2\/media?parent=8525"}],"wp:term":[{"taxonomy":"product_brand","embeddable":true,"href":"https:\/\/uj.adatbank.ro\/lexikon\/wp-json\/wp\/v2\/product_brand?post=8525"},{"taxonomy":"product_cat","embeddable":true,"href":"https:\/\/uj.adatbank.ro\/lexikon\/wp-json\/wp\/v2\/product_cat?post=8525"},{"taxonomy":"product_tag","embeddable":true,"href":"https:\/\/uj.adatbank.ro\/lexikon\/wp-json\/wp\/v2\/product_tag?post=8525"}],"curies":[{"name":"wp","href":"https:\/\/api.w.org\/{rel}","templated":true}]}}