{"id":8535,"date":"2025-06-29T10:29:17","date_gmt":"2025-06-29T08:29:17","guid":{"rendered":"https:\/\/uj.adatbank.ro\/lexikon\/termek\/gal-pal-szentivani\/"},"modified":"2025-06-29T10:29:17","modified_gmt":"2025-06-29T08:29:17","slug":"gal-pal-szentivani","status":"publish","type":"product","link":"https:\/\/uj.adatbank.ro\/lexikon\/termek\/gal-pal-szentivani\/","title":{"rendered":"G\u00c1L P\u00e1l, szentiv\u00e1ni"},"content":{"rendered":"<p>? \u2020\u00a0? : \u00fcgyv\u00e9d. \u2013 Kir. t\u00e1blai \u00fcgyv\u00e9d (1794). <br \/><strong>Irod.:<\/strong> K\u0151v\u00e1ry; Nagy Iv\u00e1n<\/br><\/p>\n","protected":false},"excerpt":{"rendered":"<p>? \u2020\u00a0? : \u00fcgyv\u00e9d. \u2013 Kir. t\u00e1blai \u00fcgyv\u00e9d (1794). Irod.: K\u0151v\u00e1ry; Nagy Iv\u00e1n<\/p>\n","protected":false},"featured_media":0,"comment_status":"open","ping_status":"closed","template":"","meta":[],"product_brand":[],"product_cat":[137],"product_tag":[],"class_list":{"0":"post-8535","1":"product","2":"type-product","3":"status-publish","5":"product_cat-maros-megyei-eletrajzi-lexikon","7":"first","8":"instock","9":"shipping-taxable","10":"product-type-simple"},"_links":{"self":[{"href":"https:\/\/uj.adatbank.ro\/lexikon\/wp-json\/wp\/v2\/product\/8535","targetHints":{"allow":["GET"]}}],"collection":[{"href":"https:\/\/uj.adatbank.ro\/lexikon\/wp-json\/wp\/v2\/product"}],"about":[{"href":"https:\/\/uj.adatbank.ro\/lexikon\/wp-json\/wp\/v2\/types\/product"}],"replies":[{"embeddable":true,"href":"https:\/\/uj.adatbank.ro\/lexikon\/wp-json\/wp\/v2\/comments?post=8535"}],"wp:attachment":[{"href":"https:\/\/uj.adatbank.ro\/lexikon\/wp-json\/wp\/v2\/media?parent=8535"}],"wp:term":[{"taxonomy":"product_brand","embeddable":true,"href":"https:\/\/uj.adatbank.ro\/lexikon\/wp-json\/wp\/v2\/product_brand?post=8535"},{"taxonomy":"product_cat","embeddable":true,"href":"https:\/\/uj.adatbank.ro\/lexikon\/wp-json\/wp\/v2\/product_cat?post=8535"},{"taxonomy":"product_tag","embeddable":true,"href":"https:\/\/uj.adatbank.ro\/lexikon\/wp-json\/wp\/v2\/product_tag?post=8535"}],"curies":[{"name":"wp","href":"https:\/\/api.w.org\/{rel}","templated":true}]}}