{"id":8540,"date":"2025-06-29T10:29:27","date_gmt":"2025-06-29T08:29:27","guid":{"rendered":"https:\/\/uj.adatbank.ro\/lexikon\/termek\/gal-zsigmond-szentgericei\/"},"modified":"2025-06-29T10:29:27","modified_gmt":"2025-06-29T08:29:27","slug":"gal-zsigmond-szentgericei","status":"publish","type":"product","link":"https:\/\/uj.adatbank.ro\/lexikon\/termek\/gal-zsigmond-szentgericei\/","title":{"rendered":"G\u00c1L Zsigmond, szentgericei"},"content":{"rendered":"<p>Szentgerice, 1821. j\u00fan. 4., \u2020 Szentgerice, 1883. dec. 1.: kir. t\u00e1blai kancellista, alszolgab\u00edr\u00f3. \u2013 Feles\u00e9ge: Jakab \u00c1gnes. \u2013 Maros megye k\u00e1li szakasz\u00e1ban alszolgab\u00edr\u00f3 volt (1849. \u00e1pr.). R\u00e9szt vett az 1848\/49-es szabads\u00e1gharcban, mint \u0151rnagy, majd sok\u00e1ig b\u00fajdosott, hal\u00e1l\u00e1ig szentgericei birtok\u00e1n gazd\u00e1lkodott. Az egyh\u00e1zk\u00f6zs\u00e9g gondnoka. <br \/><strong>Irod.:<\/strong> 1848\u20131849 Marossz\u00e9k; Kelemen; P\u00e1l-Antal; P\u00e1l-Antal 2002; P\u00e1lmay<\/br><\/p>\n","protected":false},"excerpt":{"rendered":"<p>Szentgerice, 1821. j\u00fan. 4., \u2020 Szentgerice, 1883. dec. 1.: kir. t\u00e1blai kancellista, alszolgab\u00edr\u00f3. \u2013 Feles\u00e9ge: Jakab \u00c1gnes. \u2013 Maros megye k\u00e1li szakasz\u00e1ban alszolgab\u00edr\u00f3 volt (1849. \u00e1pr.). R\u00e9szt vett az 1848\/49-es szabads\u00e1gharcban, mint \u0151rnagy, majd sok\u00e1ig b\u00fajdosott, hal\u00e1l\u00e1ig szentgericei birtok\u00e1n gazd\u00e1lkodott. Az egyh\u00e1zk\u00f6zs\u00e9g gondnoka. Irod.: 1848\u20131849 Marossz\u00e9k; Kelemen; P\u00e1l-Antal; P\u00e1l-Antal 2002; P\u00e1lmay<\/p>\n","protected":false},"featured_media":0,"comment_status":"open","ping_status":"closed","template":"","meta":[],"product_brand":[],"product_cat":[137],"product_tag":[],"class_list":{"0":"post-8540","1":"product","2":"type-product","3":"status-publish","5":"product_cat-maros-megyei-eletrajzi-lexikon","7":"first","8":"instock","9":"shipping-taxable","10":"product-type-simple"},"_links":{"self":[{"href":"https:\/\/uj.adatbank.ro\/lexikon\/wp-json\/wp\/v2\/product\/8540","targetHints":{"allow":["GET"]}}],"collection":[{"href":"https:\/\/uj.adatbank.ro\/lexikon\/wp-json\/wp\/v2\/product"}],"about":[{"href":"https:\/\/uj.adatbank.ro\/lexikon\/wp-json\/wp\/v2\/types\/product"}],"replies":[{"embeddable":true,"href":"https:\/\/uj.adatbank.ro\/lexikon\/wp-json\/wp\/v2\/comments?post=8540"}],"wp:attachment":[{"href":"https:\/\/uj.adatbank.ro\/lexikon\/wp-json\/wp\/v2\/media?parent=8540"}],"wp:term":[{"taxonomy":"product_brand","embeddable":true,"href":"https:\/\/uj.adatbank.ro\/lexikon\/wp-json\/wp\/v2\/product_brand?post=8540"},{"taxonomy":"product_cat","embeddable":true,"href":"https:\/\/uj.adatbank.ro\/lexikon\/wp-json\/wp\/v2\/product_cat?post=8540"},{"taxonomy":"product_tag","embeddable":true,"href":"https:\/\/uj.adatbank.ro\/lexikon\/wp-json\/wp\/v2\/product_tag?post=8540"}],"curies":[{"name":"wp","href":"https:\/\/api.w.org\/{rel}","templated":true}]}}