{"id":8541,"date":"2025-06-29T10:29:30","date_gmt":"2025-06-29T08:29:30","guid":{"rendered":"https:\/\/uj.adatbank.ro\/lexikon\/termek\/galaczi-janos-gallatzi-janos\/"},"modified":"2025-06-29T10:29:30","modified_gmt":"2025-06-29T08:29:30","slug":"galaczi-janos-gallatzi-janos","status":"publish","type":"product","link":"https:\/\/uj.adatbank.ro\/lexikon\/termek\/galaczi-janos-gallatzi-janos\/","title":{"rendered":"GALACZI J\u00e1nos, Gallatzi J\u00e1nos"},"content":{"rendered":"<p>1761., \u2020 Tancs, 1810.: ref. lelk\u00e9sz. \u2013 Feles\u00e9ge: Bajn\u00f3czi S\u00e1ra (1777\u20131847). \u2013 Mv.-en subscrib\u00e1lt (1781), Marburgban peregrin\u00e1lt (1790\u201391). A mv.-i Ref. Koll. k\u00f6nyvt\u00e1rosa volt (1786. m\u00e1rc. 14. \u2013 1789. okt. 14.). Magyarr\u00e9genben szolg\u00e1lt (1792), majd Marosfelfaluban (1792\u201397), Tancson hal\u00e1l\u00e1ig (1798\u20131810). <br \/><strong>Irod.:<\/strong> Koncz 1879; \u0150sz<\/br><\/p>\n","protected":false},"excerpt":{"rendered":"<p>1761., \u2020 Tancs, 1810.: ref. lelk\u00e9sz. \u2013 Feles\u00e9ge: Bajn\u00f3czi S\u00e1ra (1777\u20131847). \u2013 Mv.-en subscrib\u00e1lt (1781), Marburgban peregrin\u00e1lt (1790\u201391). A mv.-i Ref. Koll. k\u00f6nyvt\u00e1rosa volt (1786. m\u00e1rc. 14. \u2013 1789. okt. 14.). Magyarr\u00e9genben szolg\u00e1lt (1792), majd Marosfelfaluban (1792\u201397), Tancson hal\u00e1l\u00e1ig (1798\u20131810). Irod.: Koncz 1879; \u0150sz<\/p>\n","protected":false},"featured_media":0,"comment_status":"open","ping_status":"closed","template":"","meta":[],"product_brand":[],"product_cat":[137],"product_tag":[],"class_list":{"0":"post-8541","1":"product","2":"type-product","3":"status-publish","5":"product_cat-maros-megyei-eletrajzi-lexikon","7":"first","8":"instock","9":"shipping-taxable","10":"product-type-simple"},"_links":{"self":[{"href":"https:\/\/uj.adatbank.ro\/lexikon\/wp-json\/wp\/v2\/product\/8541","targetHints":{"allow":["GET"]}}],"collection":[{"href":"https:\/\/uj.adatbank.ro\/lexikon\/wp-json\/wp\/v2\/product"}],"about":[{"href":"https:\/\/uj.adatbank.ro\/lexikon\/wp-json\/wp\/v2\/types\/product"}],"replies":[{"embeddable":true,"href":"https:\/\/uj.adatbank.ro\/lexikon\/wp-json\/wp\/v2\/comments?post=8541"}],"wp:attachment":[{"href":"https:\/\/uj.adatbank.ro\/lexikon\/wp-json\/wp\/v2\/media?parent=8541"}],"wp:term":[{"taxonomy":"product_brand","embeddable":true,"href":"https:\/\/uj.adatbank.ro\/lexikon\/wp-json\/wp\/v2\/product_brand?post=8541"},{"taxonomy":"product_cat","embeddable":true,"href":"https:\/\/uj.adatbank.ro\/lexikon\/wp-json\/wp\/v2\/product_cat?post=8541"},{"taxonomy":"product_tag","embeddable":true,"href":"https:\/\/uj.adatbank.ro\/lexikon\/wp-json\/wp\/v2\/product_tag?post=8541"}],"curies":[{"name":"wp","href":"https:\/\/api.w.org\/{rel}","templated":true}]}}