{"id":8543,"date":"2025-06-29T10:29:34","date_gmt":"2025-06-29T08:29:34","guid":{"rendered":"https:\/\/uj.adatbank.ro\/lexikon\/termek\/galambfalvi-andras\/"},"modified":"2025-06-29T10:29:34","modified_gmt":"2025-06-29T08:29:34","slug":"galambfalvi-andras","status":"publish","type":"product","link":"https:\/\/uj.adatbank.ro\/lexikon\/termek\/galambfalvi-andras\/","title":{"rendered":"GALAMBFALVI Andr\u00e1s"},"content":{"rendered":"<p>? \u2020 ?: ref. lelk\u00e9sz. \u2013 Marossz\u00e9ki, ny\u00e1r\u00e1dszentbenedeki lelk\u00e9sz, tan\u00edt\u00f3, esperes (1661\u20131685). \u0150 jegyezte be a koronkai Toldalagi aj\u00e1nd\u00e9kokat (\u00farvacsor\u00e1hoz val\u00f3 eszk\u00f6z\u00f6k), s a Nyom\u00e1ti Tofeus adom\u00e1nyt (harangot kaptak a Matricul\u00e1ba, 1681). <br \/><strong>Irod.:<\/strong> K. L. M\u0171v. t\u00f6rt. tan. 1.; Marossz\u00e9ki kr\u00f3nik\u00e1k 1; Ny\u00e1r\u00e1dszentbenedek; Zov\u00e1nyi<\/br><\/p>\n","protected":false},"excerpt":{"rendered":"<p>? \u2020 ?: ref. lelk\u00e9sz. \u2013 Marossz\u00e9ki, ny\u00e1r\u00e1dszentbenedeki lelk\u00e9sz, tan\u00edt\u00f3, esperes (1661\u20131685). \u0150 jegyezte be a koronkai Toldalagi aj\u00e1nd\u00e9kokat (\u00farvacsor\u00e1hoz val\u00f3 eszk\u00f6z\u00f6k), s a Nyom\u00e1ti Tofeus adom\u00e1nyt (harangot kaptak a Matricul\u00e1ba, 1681). Irod.: K. L. M\u0171v. t\u00f6rt. tan. 1.; Marossz\u00e9ki kr\u00f3nik\u00e1k 1; Ny\u00e1r\u00e1dszentbenedek; Zov\u00e1nyi<\/p>\n","protected":false},"featured_media":0,"comment_status":"open","ping_status":"closed","template":"","meta":[],"product_brand":[],"product_cat":[137],"product_tag":[],"class_list":{"0":"post-8543","1":"product","2":"type-product","3":"status-publish","5":"product_cat-maros-megyei-eletrajzi-lexikon","7":"first","8":"instock","9":"shipping-taxable","10":"product-type-simple"},"_links":{"self":[{"href":"https:\/\/uj.adatbank.ro\/lexikon\/wp-json\/wp\/v2\/product\/8543","targetHints":{"allow":["GET"]}}],"collection":[{"href":"https:\/\/uj.adatbank.ro\/lexikon\/wp-json\/wp\/v2\/product"}],"about":[{"href":"https:\/\/uj.adatbank.ro\/lexikon\/wp-json\/wp\/v2\/types\/product"}],"replies":[{"embeddable":true,"href":"https:\/\/uj.adatbank.ro\/lexikon\/wp-json\/wp\/v2\/comments?post=8543"}],"wp:attachment":[{"href":"https:\/\/uj.adatbank.ro\/lexikon\/wp-json\/wp\/v2\/media?parent=8543"}],"wp:term":[{"taxonomy":"product_brand","embeddable":true,"href":"https:\/\/uj.adatbank.ro\/lexikon\/wp-json\/wp\/v2\/product_brand?post=8543"},{"taxonomy":"product_cat","embeddable":true,"href":"https:\/\/uj.adatbank.ro\/lexikon\/wp-json\/wp\/v2\/product_cat?post=8543"},{"taxonomy":"product_tag","embeddable":true,"href":"https:\/\/uj.adatbank.ro\/lexikon\/wp-json\/wp\/v2\/product_tag?post=8543"}],"curies":[{"name":"wp","href":"https:\/\/api.w.org\/{rel}","templated":true}]}}