{"id":8546,"date":"2025-06-29T10:29:44","date_gmt":"2025-06-29T08:29:44","guid":{"rendered":"https:\/\/uj.adatbank.ro\/lexikon\/termek\/galambfalvi-ferenc-2\/"},"modified":"2025-06-29T10:29:44","modified_gmt":"2025-06-29T08:29:44","slug":"galambfalvi-ferenc-2","status":"publish","type":"product","link":"https:\/\/uj.adatbank.ro\/lexikon\/termek\/galambfalvi-ferenc-2\/","title":{"rendered":"GALAMBFALVI Ferenc"},"content":{"rendered":"<p>? \u2020 1778.: ref. lelk\u00e9sz. \u2013 Gegesben szolg\u00e1lt, L\u00e1z\u00e1r J\u00e1nos udvari lelk\u00e9sze volt. <br \/><strong>Irod.:<\/strong> Kov\u00e1sznai<\/br><\/p>\n","protected":false},"excerpt":{"rendered":"<p>? \u2020 1778.: ref. lelk\u00e9sz. \u2013 Gegesben szolg\u00e1lt, L\u00e1z\u00e1r J\u00e1nos udvari lelk\u00e9sze volt. Irod.: Kov\u00e1sznai<\/p>\n","protected":false},"featured_media":0,"comment_status":"open","ping_status":"closed","template":"","meta":[],"product_brand":[],"product_cat":[137],"product_tag":[],"class_list":{"0":"post-8546","1":"product","2":"type-product","3":"status-publish","5":"product_cat-maros-megyei-eletrajzi-lexikon","7":"first","8":"instock","9":"shipping-taxable","10":"product-type-simple"},"_links":{"self":[{"href":"https:\/\/uj.adatbank.ro\/lexikon\/wp-json\/wp\/v2\/product\/8546","targetHints":{"allow":["GET"]}}],"collection":[{"href":"https:\/\/uj.adatbank.ro\/lexikon\/wp-json\/wp\/v2\/product"}],"about":[{"href":"https:\/\/uj.adatbank.ro\/lexikon\/wp-json\/wp\/v2\/types\/product"}],"replies":[{"embeddable":true,"href":"https:\/\/uj.adatbank.ro\/lexikon\/wp-json\/wp\/v2\/comments?post=8546"}],"wp:attachment":[{"href":"https:\/\/uj.adatbank.ro\/lexikon\/wp-json\/wp\/v2\/media?parent=8546"}],"wp:term":[{"taxonomy":"product_brand","embeddable":true,"href":"https:\/\/uj.adatbank.ro\/lexikon\/wp-json\/wp\/v2\/product_brand?post=8546"},{"taxonomy":"product_cat","embeddable":true,"href":"https:\/\/uj.adatbank.ro\/lexikon\/wp-json\/wp\/v2\/product_cat?post=8546"},{"taxonomy":"product_tag","embeddable":true,"href":"https:\/\/uj.adatbank.ro\/lexikon\/wp-json\/wp\/v2\/product_tag?post=8546"}],"curies":[{"name":"wp","href":"https:\/\/api.w.org\/{rel}","templated":true}]}}